
{"id":86308,"date":"2025-02-22T15:20:18","date_gmt":"2025-02-22T14:20:18","guid":{"rendered":"https:\/\/tapas.ch\/wordpress\/?page_id=86308"},"modified":"2025-11-30T18:23:20","modified_gmt":"2025-11-30T17:23:20","slug":"referenzen-weinseminare","status":"publish","type":"page","link":"https:\/\/tapas.ch\/wordpress\/weinseminare-ernesto-pauli\/referenzen-weinseminare\/","title":{"rendered":"Referenzen Weinseminare"},"content":{"rendered":"\n<p><strong>Referenzen der bisherigen Weinseminare<\/strong><\/p>\n\n\n\n<p>BE, Weinseminar 1<\/p>\n\n\n\n<p>Lieber Rolf. Ich bedanke mich f\u00fcr den lehrreichen Kurs und die Unterlagen. Freundliche Gr\u00fcsse. J.S. 11.11.2025<\/p>\n\n\n\n<p>BE, Weinseminar 1<\/p>\n\n\n\n<p>Vielen Dank f\u00fcr die Unterlagen und das tolle Weinseminar. Wann und wo findet denn das Weinseminar Basis 2 statt? N.B. 9.11.25<\/p>\n\n\n\n<p>ZH, Weinseminar 1:<br><br>Zun\u00e4chst m\u00f6chten wir uns herzlich f\u00fcr das sehr interessante und lehrreiche Basisseminar 1 bedanken. Wir haben Feuer gefangen und m\u00f6chten unbedingt am Seminar 2 teilnehmen. Leider gehen uns die Z\u00fcrcher Termine 2025 nicht und wir hoffen, dass wir 2026 dabei sein k\u00f6nnen. R. V., 17.5.25<\/p>\n\n\n\n<p>BE, Weinseminar 1:<\/p>\n\n\n\n<p>Vielen Dank f\u00fcr die Dokumentation zum Weinseminar. Es war sehr interessant und lehrreich. Die Zeit verging viel zu schnell und es hat Lust auf mehr gemacht. Ich hoffe bei Gelegenheit das Basisseminar 2 auch machen zu k\u00f6nnen.&nbsp;E.Z., 13.2.25<\/p>\n\n\n\n<p>BS, Weinseminar 1:<\/p>\n\n\n\n<p>Sehr geehrter Herr Kuratle. Wir waren am 7. November bei Ihnen im Seminar und es hat uns sehr gut gefallen.&nbsp;Vielen Dank f\u00fcr das Angebot f\u00fcr das Seminar am 22. November in Basel.&nbsp;Gerne melden wir uns daf\u00fcr an. D. C., 9.11.24<\/p>\n\n\n\n<p>ZH, Weinseminar 2:<\/p>\n\n\n\n<p>Vielen Dank Rolf f\u00fcr den spannenden Kurs. Jetzt reizt es mich gleich weiterzumachen. S. D., 3.10.24<\/p>\n\n\n\n<p>ZH, Weinseminar 2:<\/p>\n\n\n\n<p>Der Kurs hat uns sehr gefallen! Herr Kuratle ist ein sehr kompetenter Kursleiter, die Weine waren gut ausgew\u00e4hlt. Ch. G., 23.9.24<\/p>\n\n\n\n<p>ZH, Firmenevent:<\/p>\n\n\n\n<p>Das Team hatte einen super Abend und es hat Ihnen an absolut Nichts gefehlt. A. B., 9.7.24<\/p>\n\n\n\n<p>ZH, Firmenevent ( in Englisch):<\/p>\n\n\n\n<p>Thank you so much Rolf! I have shared the presentation with the group. The session was really informative, and I have only had good feedback since Thursday. Thanks again. V. K., 1.7.24<\/p>\n\n\n\n<p>ZH, Weinseminar 1:<\/p>\n\n\n\n<p>Lieber Rolf, ich habe letzthin an einem Deiner Weinseminare teilgenommen. Du hast uns da eine wunderbare Einf\u00fchrung gegeben. M. L., 26.6.24<\/p>\n\n\n\n<p>ZH, Weinseminar 1:<\/p>\n\n\n\n<p>Hallo Rolf. Danke vielmals. Hat uns Spass gemacht. Cari saluti. G. R., 22.6.24<\/p>\n\n\n\n<p>ZH, Weinseminar 1:<\/p>\n\n\n\n<p>Vielen Dank, war ein toller Abend! Beste Gr\u00fcsse. D. F., 29.1.24<\/p>\n\n\n\n<p>LU, Weinseminar 1:<\/p>\n\n\n\n<p>Hallo Rolf. Vielen herzlichen Dank f\u00fcr das spannende Seminar und die Pr\u00e4sentation. Ich habe noch eine Frage zu einer Aussage von Dir: \u2026 Besten Dank f\u00fcr ein kurzes Feedback. M. D., 28.1.24<\/p>\n\n\n\n<p>ZH, Weinseminar 1:<\/p>\n\n\n\n<p>Guten Tag Herr Kuratle. Vielen Dank f\u00fcr das spannende Weinseminar und die Unterlagen. Freundliche Gr\u00fcsse. N. D., 28.9.23<\/p>\n\n\n\n<p>LU, Weinseminar 1:<\/p>\n\n\n\n<p>Mit Ihrem Kurs waren wir sehr zufrieden und haben viel neues gelernt in sch\u00f6ner und entspannter Atmosph\u00e4re. \ud83d\ude42 M. G., 14.5.23<\/p>\n\n\n\n<p>BS, Weinseminar 1:<\/p>\n\n\n\n<p>Guten Abend Rolf. Vielen Dank f\u00fcr die Pr\u00e4sentation.&nbsp;Wir konnten schon einige Male das Gelernte umsetzen.&nbsp;Mein Mann und ich konnten vom Seminar einiges profitieren, es hat uns sehr gut gefallen.&nbsp;Sch\u00f6ne Ostern.&nbsp;Freundliche Gr\u00fcsse. G. G., 7.4.23<\/p>\n\n\n\n<p>BS, Weinseminar 1:<\/p>\n\n\n\n<p>Guten Tag. Das Seminar war wirklich sehr interessant und f\u00fcr Anf\u00e4nger ideal. M. D., 31.1.23<\/p>\n\n\n\n<p>LU, Weinseminar 1:<\/p>\n\n\n\n<p>Hallo Rolf. Besten Dank f\u00fcr die Pr\u00e4sentation und den tollen Anlass. Uns hat schon das Wein-Fieber gepackt, obwohl wir leider nicht aus dem Tetra-Pack trinken konnten \ud83d\ude42 Schade&#8230;. Wir w\u00e4ren sehr am Basis Kurs 2 interessiert und m\u00f6chten wissen, wann dieser stattfindet, damit wir uns anmelden k\u00f6nnen.&nbsp;H. H., 23.1.23<\/p>\n","protected":false},"excerpt":{"rendered":"<p>Referenzen der bisherigen Weinseminare BE, Weinseminar 1 Lieber Rolf. Ich bedanke mich f\u00fcr den lehrreichen Kurs und die Unterlagen. Freundliche Gr\u00fcsse. J.S. 11.11.2025 BE, Weinseminar 1 Vielen Dank f\u00fcr die<span class=\"more-button\"><a href=\"https:\/\/tapas.ch\/wordpress\/weinseminare-ernesto-pauli\/referenzen-weinseminare\/\" class=\"more-link\">Weiterlesen &#8230;<span class=\"screen-reader-text\">Referenzen Weinseminare<\/span><\/a><\/span><\/p>\n","protected":false},"author":1,"featured_media":0,"parent":86195,"menu_order":0,"comment_status":"closed","ping_status":"closed","template":"","meta":{"episode_type":"","audio_file":"","podmotor_file_id":"","podmotor_episode_id":"","cover_image":"","cover_image_id":"","duration":"","filesize":"","filesize_raw":"","date_recorded":"","explicit":"","block":"","itunes_episode_number":"","itunes_title":"","itunes_season_number":"","itunes_episode_type":"","footnotes":""},"class_list":["post-86308","page","type-page","status-publish","hentry"],"yoast_head":"<!-- This site is optimized with the Yoast SEO plugin v27.2 - https:\/\/yoast.com\/product\/yoast-seo-wordpress\/ -->\n<title>Referenzen Weinseminare - 12 Jahre - tapas.ch<\/title>\n<meta name=\"description\" content=\"Referenzen Weinseminare - 12 Jahre - tapas.ch -\" \/>\n<meta name=\"robots\" content=\"index, follow, max-snippet:-1, max-image-preview:large, max-video-preview:-1\" \/>\n<link rel=\"canonical\" href=\"https:\/\/tapas.ch\/wordpress\/weinseminare-ernesto-pauli\/referenzen-weinseminare\/\" \/>\n<meta property=\"og:locale\" content=\"de_DE\" \/>\n<meta property=\"og:type\" content=\"article\" \/>\n<meta property=\"og:title\" content=\"Referenzen Weinseminare - 12 Jahre - tapas.ch\" \/>\n<meta property=\"og:description\" content=\"Referenzen Weinseminare - 12 Jahre - tapas.ch -\" \/>\n<meta property=\"og:url\" content=\"https:\/\/tapas.ch\/wordpress\/weinseminare-ernesto-pauli\/referenzen-weinseminare\/\" \/>\n<meta property=\"og:site_name\" content=\"12 Jahre - tapas.ch\" \/>\n<meta property=\"article:modified_time\" content=\"2025-11-30T17:23:20+00:00\" \/>\n<meta name=\"twitter:card\" content=\"summary_large_image\" \/>\n<meta name=\"twitter:label1\" content=\"Gesch\u00e4tzte Lesezeit\" \/>\n\t<meta name=\"twitter:data1\" content=\"3\u00a0Minuten\" \/>\n<script type=\"application\/ld+json\" class=\"yoast-schema-graph\">{\"@context\":\"https:\/\/schema.org\",\"@graph\":[{\"@type\":\"WebPage\",\"@id\":\"https:\/\/tapas.ch\/wordpress\/weinseminare-ernesto-pauli\/referenzen-weinseminare\/\",\"url\":\"https:\/\/tapas.ch\/wordpress\/weinseminare-ernesto-pauli\/referenzen-weinseminare\/\",\"name\":\"Referenzen Weinseminare - 12 Jahre - tapas.ch\",\"isPartOf\":{\"@id\":\"https:\/\/tapas.ch\/wordpress\/#website\"},\"datePublished\":\"2025-02-22T14:20:18+00:00\",\"dateModified\":\"2025-11-30T17:23:20+00:00\",\"description\":\"Referenzen Weinseminare - 12 Jahre - tapas.ch -\",\"breadcrumb\":{\"@id\":\"https:\/\/tapas.ch\/wordpress\/weinseminare-ernesto-pauli\/referenzen-weinseminare\/#breadcrumb\"},\"inLanguage\":\"de\",\"potentialAction\":[{\"@type\":\"ReadAction\",\"target\":[\"https:\/\/tapas.ch\/wordpress\/weinseminare-ernesto-pauli\/referenzen-weinseminare\/\"]}]},{\"@type\":\"BreadcrumbList\",\"@id\":\"https:\/\/tapas.ch\/wordpress\/weinseminare-ernesto-pauli\/referenzen-weinseminare\/#breadcrumb\",\"itemListElement\":[{\"@type\":\"ListItem\",\"position\":1,\"name\":\"Startseite\",\"item\":\"https:\/\/tapas.ch\/wordpress\/\"},{\"@type\":\"ListItem\",\"position\":2,\"name\":\"Weinseminare Ernesto Pauli\",\"item\":\"https:\/\/tapas.ch\/wordpress\/weinseminare-ernesto-pauli\/\"},{\"@type\":\"ListItem\",\"position\":3,\"name\":\"Referenzen Weinseminare\"}]},{\"@type\":\"WebSite\",\"@id\":\"https:\/\/tapas.ch\/wordpress\/#website\",\"url\":\"https:\/\/tapas.ch\/wordpress\/\",\"name\":\"12 Jahre - tapas.ch\",\"description\":\"Tapas, Weine und vieles mehr...\",\"publisher\":{\"@id\":\"https:\/\/tapas.ch\/wordpress\/#\/schema\/person\/b0716d1316a3dfdfc9d94f5d1c6d4937\"},\"potentialAction\":[{\"@type\":\"SearchAction\",\"target\":{\"@type\":\"EntryPoint\",\"urlTemplate\":\"https:\/\/tapas.ch\/wordpress\/?s={search_term_string}\"},\"query-input\":{\"@type\":\"PropertyValueSpecification\",\"valueRequired\":true,\"valueName\":\"search_term_string\"}}],\"inLanguage\":\"de\"},{\"@type\":[\"Person\",\"Organization\"],\"@id\":\"https:\/\/tapas.ch\/wordpress\/#\/schema\/person\/b0716d1316a3dfdfc9d94f5d1c6d4937\",\"name\":\"Rodolfo\",\"image\":{\"@type\":\"ImageObject\",\"inLanguage\":\"de\",\"@id\":\"https:\/\/tapas.ch\/wordpress\/wp-content\/uploads\/2022\/04\/Trauben-Logo-quardratisch.jpg\",\"url\":\"https:\/\/tapas.ch\/wordpress\/wp-content\/uploads\/2022\/04\/Trauben-Logo-quardratisch.jpg\",\"contentUrl\":\"https:\/\/tapas.ch\/wordpress\/wp-content\/uploads\/2022\/04\/Trauben-Logo-quardratisch.jpg\",\"width\":500,\"height\":500,\"caption\":\"Rodolfo\"},\"logo\":{\"@id\":\"https:\/\/tapas.ch\/wordpress\/wp-content\/uploads\/2022\/04\/Trauben-Logo-quardratisch.jpg\"}}]}<\/script>\n<!-- \/ Yoast SEO plugin. -->","yoast_head_json":{"title":"Referenzen Weinseminare - 12 Jahre - tapas.ch","description":"Referenzen Weinseminare - 12 Jahre - tapas.ch -","robots":{"index":"index","follow":"follow","max-snippet":"max-snippet:-1","max-image-preview":"max-image-preview:large","max-video-preview":"max-video-preview:-1"},"canonical":"https:\/\/tapas.ch\/wordpress\/weinseminare-ernesto-pauli\/referenzen-weinseminare\/","og_locale":"de_DE","og_type":"article","og_title":"Referenzen Weinseminare - 12 Jahre - tapas.ch","og_description":"Referenzen Weinseminare - 12 Jahre - tapas.ch -","og_url":"https:\/\/tapas.ch\/wordpress\/weinseminare-ernesto-pauli\/referenzen-weinseminare\/","og_site_name":"12 Jahre - tapas.ch","article_modified_time":"2025-11-30T17:23:20+00:00","twitter_card":"summary_large_image","twitter_misc":{"Gesch\u00e4tzte Lesezeit":"3\u00a0Minuten"},"schema":{"@context":"https:\/\/schema.org","@graph":[{"@type":"WebPage","@id":"https:\/\/tapas.ch\/wordpress\/weinseminare-ernesto-pauli\/referenzen-weinseminare\/","url":"https:\/\/tapas.ch\/wordpress\/weinseminare-ernesto-pauli\/referenzen-weinseminare\/","name":"Referenzen Weinseminare - 12 Jahre - tapas.ch","isPartOf":{"@id":"https:\/\/tapas.ch\/wordpress\/#website"},"datePublished":"2025-02-22T14:20:18+00:00","dateModified":"2025-11-30T17:23:20+00:00","description":"Referenzen Weinseminare - 12 Jahre - tapas.ch -","breadcrumb":{"@id":"https:\/\/tapas.ch\/wordpress\/weinseminare-ernesto-pauli\/referenzen-weinseminare\/#breadcrumb"},"inLanguage":"de","potentialAction":[{"@type":"ReadAction","target":["https:\/\/tapas.ch\/wordpress\/weinseminare-ernesto-pauli\/referenzen-weinseminare\/"]}]},{"@type":"BreadcrumbList","@id":"https:\/\/tapas.ch\/wordpress\/weinseminare-ernesto-pauli\/referenzen-weinseminare\/#breadcrumb","itemListElement":[{"@type":"ListItem","position":1,"name":"Startseite","item":"https:\/\/tapas.ch\/wordpress\/"},{"@type":"ListItem","position":2,"name":"Weinseminare Ernesto Pauli","item":"https:\/\/tapas.ch\/wordpress\/weinseminare-ernesto-pauli\/"},{"@type":"ListItem","position":3,"name":"Referenzen Weinseminare"}]},{"@type":"WebSite","@id":"https:\/\/tapas.ch\/wordpress\/#website","url":"https:\/\/tapas.ch\/wordpress\/","name":"12 Jahre - tapas.ch","description":"Tapas, Weine und vieles mehr...","publisher":{"@id":"https:\/\/tapas.ch\/wordpress\/#\/schema\/person\/b0716d1316a3dfdfc9d94f5d1c6d4937"},"potentialAction":[{"@type":"SearchAction","target":{"@type":"EntryPoint","urlTemplate":"https:\/\/tapas.ch\/wordpress\/?s={search_term_string}"},"query-input":{"@type":"PropertyValueSpecification","valueRequired":true,"valueName":"search_term_string"}}],"inLanguage":"de"},{"@type":["Person","Organization"],"@id":"https:\/\/tapas.ch\/wordpress\/#\/schema\/person\/b0716d1316a3dfdfc9d94f5d1c6d4937","name":"Rodolfo","image":{"@type":"ImageObject","inLanguage":"de","@id":"https:\/\/tapas.ch\/wordpress\/wp-content\/uploads\/2022\/04\/Trauben-Logo-quardratisch.jpg","url":"https:\/\/tapas.ch\/wordpress\/wp-content\/uploads\/2022\/04\/Trauben-Logo-quardratisch.jpg","contentUrl":"https:\/\/tapas.ch\/wordpress\/wp-content\/uploads\/2022\/04\/Trauben-Logo-quardratisch.jpg","width":500,"height":500,"caption":"Rodolfo"},"logo":{"@id":"https:\/\/tapas.ch\/wordpress\/wp-content\/uploads\/2022\/04\/Trauben-Logo-quardratisch.jpg"}}]}},"_links":{"self":[{"href":"https:\/\/tapas.ch\/wordpress\/wp-json\/wp\/v2\/pages\/86308","targetHints":{"allow":["GET"]}}],"collection":[{"href":"https:\/\/tapas.ch\/wordpress\/wp-json\/wp\/v2\/pages"}],"about":[{"href":"https:\/\/tapas.ch\/wordpress\/wp-json\/wp\/v2\/types\/page"}],"author":[{"embeddable":true,"href":"https:\/\/tapas.ch\/wordpress\/wp-json\/wp\/v2\/users\/1"}],"replies":[{"embeddable":true,"href":"https:\/\/tapas.ch\/wordpress\/wp-json\/wp\/v2\/comments?post=86308"}],"version-history":[{"count":13,"href":"https:\/\/tapas.ch\/wordpress\/wp-json\/wp\/v2\/pages\/86308\/revisions"}],"predecessor-version":[{"id":86842,"href":"https:\/\/tapas.ch\/wordpress\/wp-json\/wp\/v2\/pages\/86308\/revisions\/86842"}],"up":[{"embeddable":true,"href":"https:\/\/tapas.ch\/wordpress\/wp-json\/wp\/v2\/pages\/86195"}],"wp:attachment":[{"href":"https:\/\/tapas.ch\/wordpress\/wp-json\/wp\/v2\/media?parent=86308"}],"curies":[{"name":"wp","href":"https:\/\/api.w.org\/{rel}","templated":true}]}}