
{"id":5138,"date":"2017-10-18T23:17:26","date_gmt":"2017-10-18T21:17:26","guid":{"rendered":"http:\/\/tapas.ch\/wordpress\/?page_id=5138"},"modified":"2023-02-05T23:03:10","modified_gmt":"2023-02-05T22:03:10","slug":"rodolfos-lieblingsrezepte","status":"publish","type":"page","link":"https:\/\/tapas.ch\/wordpress\/rodolfos-lieblingsrezepte\/","title":{"rendered":"Rodolfos Lieblingsrezepte"},"content":{"rendered":"<p style=\"text-align: left;\"><img loading=\"lazy\" decoding=\"async\" class=\"alignleft wp-image-5148 \" src=\"http:\/\/tapas.ch\/wordpress\/wp-content\/uploads\/2017\/10\/Rodolfo-Logo-300x118.jpg\" alt=\"\" width=\"319\" height=\"125\"><\/p>\n<p style=\"text-align: left;\">Seit den 1980er Jahren bin ich vom Kochvirus befallen. Stundenlang in der K\u00fcche feine Gerichte aus aller Welt zubereiten, die dann in einem Bruchteil der Zeit verk\u00f6stigt werden, bringt mich auf andere Gedanken und in andere Welten. Davor einen detaillierten Plan erstellen f\u00fcr\u2019s Einkaufen und Zubereiten ist f\u00fcr mich als Ingenieur selbstverst\u00e4ndlich. Ich begann damals auf handgeschriebenen Zetteln die Rezepte aufzuschreiben. Als dann mal Computer und sp\u00e4ter Digital Kameras aufkamen, wurde alles digitalisiert. Und ich teilte meine Rezepte auf in Tapas und andere Rezepte. Die \u201eanderen\u201c nannte ich Rodolfos <span style=\"color: #000000;\">Lieblingsrezepte.<\/span> Es sind mittlerweile weit \u00fcber 100 an der Zahl und ich habe jedes schon x-mal gekocht und fast bei jedem Durchgang noch optimiert und pr\u00e4zisiert. Und es kommen laufend neue hinzu. Inspirationsquelle sind vor allem Kulinarik- und Weinliteratur sowie meine Reisen in ferne L\u00e4nder.<\/p>\n<hr>\n\n\n<div style=\"height:29px\" aria-hidden=\"true\" class=\"wp-block-spacer\"><\/div>\n\n\n\n<div class=\"pt-cv-wrapper\"><div class=\"pt-cv-view pt-cv-grid pt-cv-colsys\" id=\"pt-cv-view-71c8c9bkml\"><div data-id=\"pt-cv-page-1\" class=\"pt-cv-page\" data-cvc=\"4\"><div class=\"col-md-3 col-sm-6 col-xs-12 pt-cv-content-item pt-cv-1-col\" ><div class='pt-cv-ifield'><a href=\"https:\/\/tapas.ch\/wordpress\/vegetarisch\/\" class=\"_blank pt-cv-href-thumbnail pt-cv-thumb-default\" target=\"_blank\" ><img loading=\"lazy\" decoding=\"async\" width=\"300\" height=\"169\" src=\"https:\/\/tapas.ch\/wordpress\/wp-content\/uploads\/2020\/05\/IMG_5011-300x169.jpg\" class=\"pt-cv-thumbnail\" alt=\"\" srcset=\"https:\/\/tapas.ch\/wordpress\/wp-content\/uploads\/2020\/05\/IMG_5011-300x169.jpg 300w, https:\/\/tapas.ch\/wordpress\/wp-content\/uploads\/2020\/05\/IMG_5011-1024x576.jpg 1024w, https:\/\/tapas.ch\/wordpress\/wp-content\/uploads\/2020\/05\/IMG_5011-768x432.jpg 768w, https:\/\/tapas.ch\/wordpress\/wp-content\/uploads\/2020\/05\/IMG_5011-1536x864.jpg 1536w, https:\/\/tapas.ch\/wordpress\/wp-content\/uploads\/2020\/05\/IMG_5011-2048x1152.jpg 2048w\" sizes=\"auto, (max-width: 300px) 100vw, 300px\" \/><\/a>\n<h4 class=\"pt-cv-title\"><a href=\"https:\/\/tapas.ch\/wordpress\/vegetarisch\/\" class=\"_blank\" target=\"_blank\" >Vegetarisch<\/a><\/h4><\/div><\/div>\n<div class=\"col-md-3 col-sm-6 col-xs-12 pt-cv-content-item pt-cv-1-col\" ><div class='pt-cv-ifield'><a href=\"https:\/\/tapas.ch\/wordpress\/fleischspezialitaeten\/\" class=\"_blank pt-cv-href-thumbnail pt-cv-thumb-default\" target=\"_blank\" ><img loading=\"lazy\" decoding=\"async\" width=\"300\" height=\"169\" src=\"https:\/\/tapas.ch\/wordpress\/wp-content\/uploads\/2020\/05\/IMG_4801-300x169.jpg\" class=\"pt-cv-thumbnail\" alt=\"\" srcset=\"https:\/\/tapas.ch\/wordpress\/wp-content\/uploads\/2020\/05\/IMG_4801-300x169.jpg 300w, https:\/\/tapas.ch\/wordpress\/wp-content\/uploads\/2020\/05\/IMG_4801-1024x576.jpg 1024w, https:\/\/tapas.ch\/wordpress\/wp-content\/uploads\/2020\/05\/IMG_4801-768x432.jpg 768w, https:\/\/tapas.ch\/wordpress\/wp-content\/uploads\/2020\/05\/IMG_4801-1536x864.jpg 1536w, https:\/\/tapas.ch\/wordpress\/wp-content\/uploads\/2020\/05\/IMG_4801-2048x1152.jpg 2048w\" sizes=\"auto, (max-width: 300px) 100vw, 300px\" \/><\/a>\n<h4 class=\"pt-cv-title\"><a href=\"https:\/\/tapas.ch\/wordpress\/fleischspezialitaeten\/\" class=\"_blank\" target=\"_blank\" >Fleischspezialit\u00e4ten<\/a><\/h4><\/div><\/div>\n<div class=\"col-md-3 col-sm-6 col-xs-12 pt-cv-content-item pt-cv-1-col\" ><div class='pt-cv-ifield'><a href=\"https:\/\/tapas.ch\/wordpress\/nord-und-suedamerika\/\" class=\"_blank pt-cv-href-thumbnail pt-cv-thumb-default\" target=\"_blank\" ><img loading=\"lazy\" decoding=\"async\" width=\"300\" height=\"169\" src=\"https:\/\/tapas.ch\/wordpress\/wp-content\/uploads\/2020\/05\/IMG_5346-300x169.jpg\" class=\"pt-cv-thumbnail\" alt=\"\" srcset=\"https:\/\/tapas.ch\/wordpress\/wp-content\/uploads\/2020\/05\/IMG_5346-300x169.jpg 300w, https:\/\/tapas.ch\/wordpress\/wp-content\/uploads\/2020\/05\/IMG_5346-1024x576.jpg 1024w, https:\/\/tapas.ch\/wordpress\/wp-content\/uploads\/2020\/05\/IMG_5346-768x432.jpg 768w, https:\/\/tapas.ch\/wordpress\/wp-content\/uploads\/2020\/05\/IMG_5346-1536x864.jpg 1536w, https:\/\/tapas.ch\/wordpress\/wp-content\/uploads\/2020\/05\/IMG_5346-2048x1152.jpg 2048w\" sizes=\"auto, (max-width: 300px) 100vw, 300px\" \/><\/a>\n<h4 class=\"pt-cv-title\"><a href=\"https:\/\/tapas.ch\/wordpress\/nord-und-suedamerika\/\" class=\"_blank\" target=\"_blank\" >Nord- und S\u00fcdamerika<\/a><\/h4><\/div><\/div>\n<div class=\"col-md-3 col-sm-6 col-xs-12 pt-cv-content-item pt-cv-1-col\" ><div class='pt-cv-ifield'><a href=\"https:\/\/tapas.ch\/wordpress\/vom-orient-bis-asien\/\" class=\"_blank pt-cv-href-thumbnail pt-cv-thumb-default\" target=\"_blank\" ><img loading=\"lazy\" decoding=\"async\" width=\"300\" height=\"169\" src=\"https:\/\/tapas.ch\/wordpress\/wp-content\/uploads\/2020\/05\/IMG_2266-300x169.jpg\" class=\"pt-cv-thumbnail\" alt=\"\" srcset=\"https:\/\/tapas.ch\/wordpress\/wp-content\/uploads\/2020\/05\/IMG_2266-300x169.jpg 300w, https:\/\/tapas.ch\/wordpress\/wp-content\/uploads\/2020\/05\/IMG_2266-1024x576.jpg 1024w, https:\/\/tapas.ch\/wordpress\/wp-content\/uploads\/2020\/05\/IMG_2266-768x432.jpg 768w, https:\/\/tapas.ch\/wordpress\/wp-content\/uploads\/2020\/05\/IMG_2266-1536x864.jpg 1536w, https:\/\/tapas.ch\/wordpress\/wp-content\/uploads\/2020\/05\/IMG_2266-2048x1152.jpg 2048w\" sizes=\"auto, (max-width: 300px) 100vw, 300px\" \/><\/a>\n<h4 class=\"pt-cv-title\"><a href=\"https:\/\/tapas.ch\/wordpress\/vom-orient-bis-asien\/\" class=\"_blank\" target=\"_blank\" >Vom Orient bis Asien<\/a><\/h4><\/div><\/div>\n<div class=\"col-md-3 col-sm-6 col-xs-12 pt-cv-content-item pt-cv-1-col\" ><div class='pt-cv-ifield'><a href=\"https:\/\/tapas.ch\/wordpress\/fisch-und-meeresfruechte\/\" class=\"_blank pt-cv-href-thumbnail pt-cv-thumb-default\" target=\"_blank\" ><img loading=\"lazy\" decoding=\"async\" width=\"300\" height=\"169\" src=\"https:\/\/tapas.ch\/wordpress\/wp-content\/uploads\/2020\/05\/IMG_2021-300x169.jpg\" class=\"pt-cv-thumbnail\" alt=\"\" srcset=\"https:\/\/tapas.ch\/wordpress\/wp-content\/uploads\/2020\/05\/IMG_2021-300x169.jpg 300w, https:\/\/tapas.ch\/wordpress\/wp-content\/uploads\/2020\/05\/IMG_2021-1024x576.jpg 1024w, https:\/\/tapas.ch\/wordpress\/wp-content\/uploads\/2020\/05\/IMG_2021-768x432.jpg 768w, https:\/\/tapas.ch\/wordpress\/wp-content\/uploads\/2020\/05\/IMG_2021-1536x864.jpg 1536w, https:\/\/tapas.ch\/wordpress\/wp-content\/uploads\/2020\/05\/IMG_2021-2048x1152.jpg 2048w\" sizes=\"auto, (max-width: 300px) 100vw, 300px\" \/><\/a>\n<h4 class=\"pt-cv-title\"><a href=\"https:\/\/tapas.ch\/wordpress\/fisch-und-meeresfruechte\/\" class=\"_blank\" target=\"_blank\" >Fisch und Meeresfr\u00fcchte<\/a><\/h4><\/div><\/div>\n<div class=\"col-md-3 col-sm-6 col-xs-12 pt-cv-content-item pt-cv-1-col\" ><div class='pt-cv-ifield'><a href=\"https:\/\/tapas.ch\/wordpress\/pasta\/\" class=\"_blank pt-cv-href-thumbnail pt-cv-thumb-default\" target=\"_blank\" ><img loading=\"lazy\" decoding=\"async\" width=\"300\" height=\"169\" src=\"https:\/\/tapas.ch\/wordpress\/wp-content\/uploads\/2020\/05\/IMG_4066-300x169.jpg\" class=\"pt-cv-thumbnail\" alt=\"\" srcset=\"https:\/\/tapas.ch\/wordpress\/wp-content\/uploads\/2020\/05\/IMG_4066-300x169.jpg 300w, https:\/\/tapas.ch\/wordpress\/wp-content\/uploads\/2020\/05\/IMG_4066-1024x576.jpg 1024w, https:\/\/tapas.ch\/wordpress\/wp-content\/uploads\/2020\/05\/IMG_4066-768x432.jpg 768w, https:\/\/tapas.ch\/wordpress\/wp-content\/uploads\/2020\/05\/IMG_4066-1536x864.jpg 1536w, https:\/\/tapas.ch\/wordpress\/wp-content\/uploads\/2020\/05\/IMG_4066-2048x1152.jpg 2048w\" sizes=\"auto, (max-width: 300px) 100vw, 300px\" \/><\/a>\n<h4 class=\"pt-cv-title\"><a href=\"https:\/\/tapas.ch\/wordpress\/pasta\/\" class=\"_blank\" target=\"_blank\" >Pasta<\/a><\/h4><\/div><\/div>\n<div class=\"col-md-3 col-sm-6 col-xs-12 pt-cv-content-item pt-cv-1-col\" ><div class='pt-cv-ifield'><a href=\"https:\/\/tapas.ch\/wordpress\/mediterran\/\" class=\"_blank pt-cv-href-thumbnail pt-cv-thumb-default\" target=\"_blank\" ><img loading=\"lazy\" decoding=\"async\" width=\"300\" height=\"169\" src=\"https:\/\/tapas.ch\/wordpress\/wp-content\/uploads\/2020\/05\/20170525_184102-300x169.jpg\" class=\"pt-cv-thumbnail\" alt=\"\" srcset=\"https:\/\/tapas.ch\/wordpress\/wp-content\/uploads\/2020\/05\/20170525_184102-300x169.jpg 300w, https:\/\/tapas.ch\/wordpress\/wp-content\/uploads\/2020\/05\/20170525_184102-1024x576.jpg 1024w, https:\/\/tapas.ch\/wordpress\/wp-content\/uploads\/2020\/05\/20170525_184102-768x432.jpg 768w, https:\/\/tapas.ch\/wordpress\/wp-content\/uploads\/2020\/05\/20170525_184102-1536x864.jpg 1536w, https:\/\/tapas.ch\/wordpress\/wp-content\/uploads\/2020\/05\/20170525_184102-2048x1152.jpg 2048w\" sizes=\"auto, (max-width: 300px) 100vw, 300px\" \/><\/a>\n<h4 class=\"pt-cv-title\"><a href=\"https:\/\/tapas.ch\/wordpress\/mediterran\/\" class=\"_blank\" target=\"_blank\" >Mediterran<\/a><\/h4><\/div><\/div>\n<div class=\"col-md-3 col-sm-6 col-xs-12 pt-cv-content-item pt-cv-1-col\" ><div class='pt-cv-ifield'><a href=\"https:\/\/tapas.ch\/wordpress\/alpenlaendisch\/\" class=\"_blank pt-cv-href-thumbnail pt-cv-thumb-default\" target=\"_blank\" ><img loading=\"lazy\" decoding=\"async\" width=\"300\" height=\"169\" src=\"https:\/\/tapas.ch\/wordpress\/wp-content\/uploads\/2020\/05\/IMG_2554-300x169.jpg\" class=\"pt-cv-thumbnail\" alt=\"\" srcset=\"https:\/\/tapas.ch\/wordpress\/wp-content\/uploads\/2020\/05\/IMG_2554-300x169.jpg 300w, https:\/\/tapas.ch\/wordpress\/wp-content\/uploads\/2020\/05\/IMG_2554-1024x576.jpg 1024w, https:\/\/tapas.ch\/wordpress\/wp-content\/uploads\/2020\/05\/IMG_2554-768x432.jpg 768w, https:\/\/tapas.ch\/wordpress\/wp-content\/uploads\/2020\/05\/IMG_2554-1536x864.jpg 1536w, https:\/\/tapas.ch\/wordpress\/wp-content\/uploads\/2020\/05\/IMG_2554-2048x1152.jpg 2048w\" sizes=\"auto, (max-width: 300px) 100vw, 300px\" \/><\/a>\n<h4 class=\"pt-cv-title\"><a href=\"https:\/\/tapas.ch\/wordpress\/alpenlaendisch\/\" class=\"_blank\" target=\"_blank\" >Alpenl\u00e4ndisch<\/a><\/h4><\/div><\/div><\/div><\/div><\/div>\n","protected":false},"excerpt":{"rendered":"<p>Seit den 1980er Jahren bin ich vom Kochvirus befallen. Stundenlang in der K\u00fcche feine Gerichte aus aller Welt zubereiten, die dann in einem Bruchteil der Zeit verk\u00f6stigt werden, bringt mich<span class=\"more-button\"><a href=\"https:\/\/tapas.ch\/wordpress\/rodolfos-lieblingsrezepte\/\" class=\"more-link\">Weiterlesen &#8230;<span class=\"screen-reader-text\">Rodolfos Lieblingsrezepte<\/span><\/a><\/span><\/p>\n","protected":false},"author":1,"featured_media":0,"parent":0,"menu_order":0,"comment_status":"closed","ping_status":"closed","template":"","meta":{"episode_type":"","audio_file":"","podmotor_file_id":"","podmotor_episode_id":"","cover_image":"","cover_image_id":"","duration":"","filesize":"","filesize_raw":"","date_recorded":"","explicit":"","block":"","itunes_episode_number":"","itunes_title":"","itunes_season_number":"","itunes_episode_type":"","footnotes":""},"class_list":["post-5138","page","type-page","status-publish","hentry"],"yoast_head":"<!-- This site is optimized with the Yoast SEO plugin v27.5 - https:\/\/yoast.com\/product\/yoast-seo-wordpress\/ -->\n<title>Rodolfos Lieblingsrezepte - 12 Jahre - tapas.ch<\/title>\n<meta name=\"description\" content=\"Rodolfos Lieblingsrezepte - 12 Jahre - tapas.ch -\" \/>\n<meta name=\"robots\" content=\"index, follow, max-snippet:-1, max-image-preview:large, max-video-preview:-1\" \/>\n<link rel=\"canonical\" href=\"https:\/\/tapas.ch\/wordpress\/rodolfos-lieblingsrezepte\/\" \/>\n<meta property=\"og:locale\" content=\"de_DE\" \/>\n<meta property=\"og:type\" content=\"article\" \/>\n<meta property=\"og:title\" content=\"Rodolfos Lieblingsrezepte - 12 Jahre - tapas.ch\" \/>\n<meta property=\"og:description\" content=\"Rodolfos Lieblingsrezepte - 12 Jahre - tapas.ch -\" \/>\n<meta property=\"og:url\" content=\"https:\/\/tapas.ch\/wordpress\/rodolfos-lieblingsrezepte\/\" \/>\n<meta property=\"og:site_name\" content=\"12 Jahre - tapas.ch\" \/>\n<meta property=\"article:modified_time\" content=\"2023-02-05T22:03:10+00:00\" \/>\n<meta property=\"og:image\" content=\"http:\/\/tapas.ch\/wordpress\/wp-content\/uploads\/2017\/10\/Rodolfo-Logo-300x118.jpg\" \/>\n<meta name=\"twitter:card\" content=\"summary_large_image\" \/>\n<meta name=\"twitter:label1\" content=\"Gesch\u00e4tzte Lesezeit\" \/>\n\t<meta name=\"twitter:data1\" content=\"1\u00a0Minute\" \/>\n<script type=\"application\/ld+json\" class=\"yoast-schema-graph\">{\"@context\":\"https:\\\/\\\/schema.org\",\"@graph\":[{\"@type\":\"WebPage\",\"@id\":\"https:\\\/\\\/tapas.ch\\\/wordpress\\\/rodolfos-lieblingsrezepte\\\/\",\"url\":\"https:\\\/\\\/tapas.ch\\\/wordpress\\\/rodolfos-lieblingsrezepte\\\/\",\"name\":\"Rodolfos Lieblingsrezepte - 12 Jahre - tapas.ch\",\"isPartOf\":{\"@id\":\"https:\\\/\\\/tapas.ch\\\/wordpress\\\/#website\"},\"primaryImageOfPage\":{\"@id\":\"https:\\\/\\\/tapas.ch\\\/wordpress\\\/rodolfos-lieblingsrezepte\\\/#primaryimage\"},\"image\":{\"@id\":\"https:\\\/\\\/tapas.ch\\\/wordpress\\\/rodolfos-lieblingsrezepte\\\/#primaryimage\"},\"thumbnailUrl\":\"http:\\\/\\\/tapas.ch\\\/wordpress\\\/wp-content\\\/uploads\\\/2017\\\/10\\\/Rodolfo-Logo-300x118.jpg\",\"datePublished\":\"2017-10-18T21:17:26+00:00\",\"dateModified\":\"2023-02-05T22:03:10+00:00\",\"description\":\"Rodolfos Lieblingsrezepte - 12 Jahre - tapas.ch -\",\"breadcrumb\":{\"@id\":\"https:\\\/\\\/tapas.ch\\\/wordpress\\\/rodolfos-lieblingsrezepte\\\/#breadcrumb\"},\"inLanguage\":\"de\",\"potentialAction\":[{\"@type\":\"ReadAction\",\"target\":[\"https:\\\/\\\/tapas.ch\\\/wordpress\\\/rodolfos-lieblingsrezepte\\\/\"]}]},{\"@type\":\"ImageObject\",\"inLanguage\":\"de\",\"@id\":\"https:\\\/\\\/tapas.ch\\\/wordpress\\\/rodolfos-lieblingsrezepte\\\/#primaryimage\",\"url\":\"https:\\\/\\\/tapas.ch\\\/wordpress\\\/wp-content\\\/uploads\\\/2017\\\/10\\\/Rodolfo-Logo.jpg\",\"contentUrl\":\"https:\\\/\\\/tapas.ch\\\/wordpress\\\/wp-content\\\/uploads\\\/2017\\\/10\\\/Rodolfo-Logo.jpg\",\"width\":1466,\"height\":579},{\"@type\":\"BreadcrumbList\",\"@id\":\"https:\\\/\\\/tapas.ch\\\/wordpress\\\/rodolfos-lieblingsrezepte\\\/#breadcrumb\",\"itemListElement\":[{\"@type\":\"ListItem\",\"position\":1,\"name\":\"Startseite\",\"item\":\"https:\\\/\\\/tapas.ch\\\/wordpress\\\/\"},{\"@type\":\"ListItem\",\"position\":2,\"name\":\"Rodolfos Lieblingsrezepte\"}]},{\"@type\":\"WebSite\",\"@id\":\"https:\\\/\\\/tapas.ch\\\/wordpress\\\/#website\",\"url\":\"https:\\\/\\\/tapas.ch\\\/wordpress\\\/\",\"name\":\"12 Jahre - tapas.ch\",\"description\":\"Tapas, Weine und vieles mehr...\",\"publisher\":{\"@id\":\"https:\\\/\\\/tapas.ch\\\/wordpress\\\/#\\\/schema\\\/person\\\/b0716d1316a3dfdfc9d94f5d1c6d4937\"},\"potentialAction\":[{\"@type\":\"SearchAction\",\"target\":{\"@type\":\"EntryPoint\",\"urlTemplate\":\"https:\\\/\\\/tapas.ch\\\/wordpress\\\/?s={search_term_string}\"},\"query-input\":{\"@type\":\"PropertyValueSpecification\",\"valueRequired\":true,\"valueName\":\"search_term_string\"}}],\"inLanguage\":\"de\"},{\"@type\":[\"Person\",\"Organization\"],\"@id\":\"https:\\\/\\\/tapas.ch\\\/wordpress\\\/#\\\/schema\\\/person\\\/b0716d1316a3dfdfc9d94f5d1c6d4937\",\"name\":\"Rodolfo\",\"image\":{\"@type\":\"ImageObject\",\"inLanguage\":\"de\",\"@id\":\"https:\\\/\\\/tapas.ch\\\/wordpress\\\/wp-content\\\/uploads\\\/2022\\\/04\\\/Trauben-Logo-quardratisch.jpg\",\"url\":\"https:\\\/\\\/tapas.ch\\\/wordpress\\\/wp-content\\\/uploads\\\/2022\\\/04\\\/Trauben-Logo-quardratisch.jpg\",\"contentUrl\":\"https:\\\/\\\/tapas.ch\\\/wordpress\\\/wp-content\\\/uploads\\\/2022\\\/04\\\/Trauben-Logo-quardratisch.jpg\",\"width\":500,\"height\":500,\"caption\":\"Rodolfo\"},\"logo\":{\"@id\":\"https:\\\/\\\/tapas.ch\\\/wordpress\\\/wp-content\\\/uploads\\\/2022\\\/04\\\/Trauben-Logo-quardratisch.jpg\"}}]}<\/script>\n<!-- \/ Yoast SEO plugin. -->","yoast_head_json":{"title":"Rodolfos Lieblingsrezepte - 12 Jahre - tapas.ch","description":"Rodolfos Lieblingsrezepte - 12 Jahre - tapas.ch -","robots":{"index":"index","follow":"follow","max-snippet":"max-snippet:-1","max-image-preview":"max-image-preview:large","max-video-preview":"max-video-preview:-1"},"canonical":"https:\/\/tapas.ch\/wordpress\/rodolfos-lieblingsrezepte\/","og_locale":"de_DE","og_type":"article","og_title":"Rodolfos Lieblingsrezepte - 12 Jahre - tapas.ch","og_description":"Rodolfos Lieblingsrezepte - 12 Jahre - tapas.ch -","og_url":"https:\/\/tapas.ch\/wordpress\/rodolfos-lieblingsrezepte\/","og_site_name":"12 Jahre - tapas.ch","article_modified_time":"2023-02-05T22:03:10+00:00","og_image":[{"url":"http:\/\/tapas.ch\/wordpress\/wp-content\/uploads\/2017\/10\/Rodolfo-Logo-300x118.jpg","type":"","width":"","height":""}],"twitter_card":"summary_large_image","twitter_misc":{"Gesch\u00e4tzte Lesezeit":"1\u00a0Minute"},"schema":{"@context":"https:\/\/schema.org","@graph":[{"@type":"WebPage","@id":"https:\/\/tapas.ch\/wordpress\/rodolfos-lieblingsrezepte\/","url":"https:\/\/tapas.ch\/wordpress\/rodolfos-lieblingsrezepte\/","name":"Rodolfos Lieblingsrezepte - 12 Jahre - tapas.ch","isPartOf":{"@id":"https:\/\/tapas.ch\/wordpress\/#website"},"primaryImageOfPage":{"@id":"https:\/\/tapas.ch\/wordpress\/rodolfos-lieblingsrezepte\/#primaryimage"},"image":{"@id":"https:\/\/tapas.ch\/wordpress\/rodolfos-lieblingsrezepte\/#primaryimage"},"thumbnailUrl":"http:\/\/tapas.ch\/wordpress\/wp-content\/uploads\/2017\/10\/Rodolfo-Logo-300x118.jpg","datePublished":"2017-10-18T21:17:26+00:00","dateModified":"2023-02-05T22:03:10+00:00","description":"Rodolfos Lieblingsrezepte - 12 Jahre - tapas.ch -","breadcrumb":{"@id":"https:\/\/tapas.ch\/wordpress\/rodolfos-lieblingsrezepte\/#breadcrumb"},"inLanguage":"de","potentialAction":[{"@type":"ReadAction","target":["https:\/\/tapas.ch\/wordpress\/rodolfos-lieblingsrezepte\/"]}]},{"@type":"ImageObject","inLanguage":"de","@id":"https:\/\/tapas.ch\/wordpress\/rodolfos-lieblingsrezepte\/#primaryimage","url":"https:\/\/tapas.ch\/wordpress\/wp-content\/uploads\/2017\/10\/Rodolfo-Logo.jpg","contentUrl":"https:\/\/tapas.ch\/wordpress\/wp-content\/uploads\/2017\/10\/Rodolfo-Logo.jpg","width":1466,"height":579},{"@type":"BreadcrumbList","@id":"https:\/\/tapas.ch\/wordpress\/rodolfos-lieblingsrezepte\/#breadcrumb","itemListElement":[{"@type":"ListItem","position":1,"name":"Startseite","item":"https:\/\/tapas.ch\/wordpress\/"},{"@type":"ListItem","position":2,"name":"Rodolfos Lieblingsrezepte"}]},{"@type":"WebSite","@id":"https:\/\/tapas.ch\/wordpress\/#website","url":"https:\/\/tapas.ch\/wordpress\/","name":"12 Jahre - tapas.ch","description":"Tapas, Weine und vieles mehr...","publisher":{"@id":"https:\/\/tapas.ch\/wordpress\/#\/schema\/person\/b0716d1316a3dfdfc9d94f5d1c6d4937"},"potentialAction":[{"@type":"SearchAction","target":{"@type":"EntryPoint","urlTemplate":"https:\/\/tapas.ch\/wordpress\/?s={search_term_string}"},"query-input":{"@type":"PropertyValueSpecification","valueRequired":true,"valueName":"search_term_string"}}],"inLanguage":"de"},{"@type":["Person","Organization"],"@id":"https:\/\/tapas.ch\/wordpress\/#\/schema\/person\/b0716d1316a3dfdfc9d94f5d1c6d4937","name":"Rodolfo","image":{"@type":"ImageObject","inLanguage":"de","@id":"https:\/\/tapas.ch\/wordpress\/wp-content\/uploads\/2022\/04\/Trauben-Logo-quardratisch.jpg","url":"https:\/\/tapas.ch\/wordpress\/wp-content\/uploads\/2022\/04\/Trauben-Logo-quardratisch.jpg","contentUrl":"https:\/\/tapas.ch\/wordpress\/wp-content\/uploads\/2022\/04\/Trauben-Logo-quardratisch.jpg","width":500,"height":500,"caption":"Rodolfo"},"logo":{"@id":"https:\/\/tapas.ch\/wordpress\/wp-content\/uploads\/2022\/04\/Trauben-Logo-quardratisch.jpg"}}]}},"_links":{"self":[{"href":"https:\/\/tapas.ch\/wordpress\/wp-json\/wp\/v2\/pages\/5138","targetHints":{"allow":["GET"]}}],"collection":[{"href":"https:\/\/tapas.ch\/wordpress\/wp-json\/wp\/v2\/pages"}],"about":[{"href":"https:\/\/tapas.ch\/wordpress\/wp-json\/wp\/v2\/types\/page"}],"author":[{"embeddable":true,"href":"https:\/\/tapas.ch\/wordpress\/wp-json\/wp\/v2\/users\/1"}],"replies":[{"embeddable":true,"href":"https:\/\/tapas.ch\/wordpress\/wp-json\/wp\/v2\/comments?post=5138"}],"version-history":[{"count":206,"href":"https:\/\/tapas.ch\/wordpress\/wp-json\/wp\/v2\/pages\/5138\/revisions"}],"predecessor-version":[{"id":84364,"href":"https:\/\/tapas.ch\/wordpress\/wp-json\/wp\/v2\/pages\/5138\/revisions\/84364"}],"wp:attachment":[{"href":"https:\/\/tapas.ch\/wordpress\/wp-json\/wp\/v2\/media?parent=5138"}],"curies":[{"name":"wp","href":"https:\/\/api.w.org\/{rel}","templated":true}]}}