
{"id":2463,"date":"2015-08-16T20:05:19","date_gmt":"2015-08-16T18:05:19","guid":{"rendered":"http:\/\/tapas.ch\/wordpress\/?page_id=2463"},"modified":"2023-02-05T23:08:50","modified_gmt":"2023-02-05T22:08:50","slug":"galicia","status":"publish","type":"page","link":"https:\/\/tapas.ch\/wordpress\/weine\/galicia\/","title":{"rendered":"Galicia"},"content":{"rendered":"<div class=\"pt-cv-wrapper\"><div class=\"pt-cv-view pt-cv-grid pt-cv-colsys\" id=\"pt-cv-view-f2e0f4ec5e\"><div data-id=\"pt-cv-page-1\" class=\"pt-cv-page\" data-cvc=\"4\"><div class=\"col-md-3 col-sm-12 col-xs-12 pt-cv-content-item pt-cv-1-col\" ><div class='pt-cv-ifield'><a href=\"https:\/\/tapas.ch\/wordpress\/lacima\/\" class=\"_blank pt-cv-href-thumbnail pt-cv-thumb-default\" target=\"_blank\" ><img loading=\"lazy\" decoding=\"async\" width=\"208\" height=\"300\" src=\"https:\/\/tapas.ch\/wordpress\/wp-content\/uploads\/2019\/04\/Lacima-208x300.jpg\" class=\"pt-cv-thumbnail\" alt=\"\" \/><\/a>\n<h4 class=\"pt-cv-title\"><a href=\"https:\/\/tapas.ch\/wordpress\/lacima\/\" class=\"_blank\" target=\"_blank\" >Lacima<\/a><\/h4>\n<div class=\"pt-cv-content\">NameLacimaRegionRibeira Sacra (Galizien)WinzerDominio do BibeiTrauben75% Mencia und 25% Brancellao, Mouraton, ...<\/div><\/div><\/div>\n<div class=\"col-md-3 col-sm-12 col-xs-12 pt-cv-content-item pt-cv-1-col\" ><div class='pt-cv-ifield'><a href=\"https:\/\/tapas.ch\/wordpress\/branco-de-sta-cruz\/\" class=\"_blank pt-cv-href-thumbnail pt-cv-thumb-default\" target=\"_blank\" ><img loading=\"lazy\" decoding=\"async\" width=\"207\" height=\"300\" src=\"https:\/\/tapas.ch\/wordpress\/wp-content\/uploads\/2018\/05\/Branco-de-Sta-Cruz-207x300.jpg\" class=\"pt-cv-thumbnail\" alt=\"\" \/><\/a>\n<h4 class=\"pt-cv-title\"><a href=\"https:\/\/tapas.ch\/wordpress\/branco-de-sta-cruz\/\" class=\"_blank\" target=\"_blank\" >Branco de Sta Cruz<\/a><\/h4>\n<div class=\"pt-cv-content\">Name Branco de Sta Cruz Region Valdeorras (Galizien) Winzer Compa\u00f1ia ...<\/div><\/div><\/div>\n<div class=\"col-md-3 col-sm-12 col-xs-12 pt-cv-content-item pt-cv-1-col\" ><div class='pt-cv-ifield'><a href=\"https:\/\/tapas.ch\/wordpress\/gaba-do-xil-mencia\/\" class=\"_blank pt-cv-href-thumbnail pt-cv-thumb-default\" target=\"_blank\" ><img loading=\"lazy\" decoding=\"async\" width=\"208\" height=\"300\" src=\"https:\/\/tapas.ch\/wordpress\/wp-content\/uploads\/2018\/03\/Gaba-de-Xil-Mencia-208x300.jpg\" class=\"pt-cv-thumbnail\" alt=\"\" \/><\/a>\n<h4 class=\"pt-cv-title\"><a href=\"https:\/\/tapas.ch\/wordpress\/gaba-do-xil-mencia\/\" class=\"_blank\" target=\"_blank\" >Gaba do Xil Mencia<\/a><\/h4>\n<div class=\"pt-cv-content\">Name Gaba do Xil Mencia Region Valdeorras (Galizien) Winzer Compa\u00f1ia ...<\/div><\/div><\/div>\n<div class=\"col-md-3 col-sm-12 col-xs-12 pt-cv-content-item pt-cv-1-col\" ><div class='pt-cv-ifield'><a href=\"https:\/\/tapas.ch\/wordpress\/gaba-do-xil-godello\/\" class=\"_blank pt-cv-href-thumbnail pt-cv-thumb-default\" target=\"_blank\" ><img loading=\"lazy\" decoding=\"async\" width=\"207\" height=\"300\" src=\"https:\/\/tapas.ch\/wordpress\/wp-content\/uploads\/2018\/03\/Gaba-de-Xil-Godello-207x300.jpg\" class=\"pt-cv-thumbnail\" alt=\"\" \/><\/a>\n<h4 class=\"pt-cv-title\"><a href=\"https:\/\/tapas.ch\/wordpress\/gaba-do-xil-godello\/\" class=\"_blank\" target=\"_blank\" >Gaba do Xil Godello<\/a><\/h4>\n<div class=\"pt-cv-content\">Name Gaba do Xil Godello Region Valdeorras (Galizien) Winzer Compa\u00f1ia ...<\/div><\/div><\/div>\n<div class=\"col-md-3 col-sm-12 col-xs-12 pt-cv-content-item pt-cv-1-col\" ><div class='pt-cv-ifield'><a href=\"https:\/\/tapas.ch\/wordpress\/pazo-senorans-albarino-seleccion-de-anada\/\" class=\"_blank pt-cv-href-thumbnail pt-cv-thumb-default\" target=\"_blank\" ><img loading=\"lazy\" decoding=\"async\" width=\"207\" height=\"300\" src=\"https:\/\/tapas.ch\/wordpress\/wp-content\/uploads\/2018\/03\/Pazo-Senorans-anada-207x300.jpg\" class=\"pt-cv-thumbnail\" alt=\"\" \/><\/a>\n<h4 class=\"pt-cv-title\"><a href=\"https:\/\/tapas.ch\/wordpress\/pazo-senorans-albarino-seleccion-de-anada\/\" class=\"_blank\" target=\"_blank\" >Pazo Se\u00f1orans Albari\u00f1o Selecci\u00f3n de A\u00f1ada<\/a><\/h4>\n<div class=\"pt-cv-content\">Name Pazo Se\u00f1orans Albari\u00f1o Selecci\u00f3n de A\u00f1ada Region Galizien (R\u00edas ...<\/div><\/div><\/div>\n<div class=\"col-md-3 col-sm-12 col-xs-12 pt-cv-content-item pt-cv-1-col\" ><div class='pt-cv-ifield'><a href=\"https:\/\/tapas.ch\/wordpress\/pazo-senorans-alabarino\/\" class=\"_blank pt-cv-href-thumbnail pt-cv-thumb-default\" target=\"_blank\" ><img loading=\"lazy\" decoding=\"async\" width=\"207\" height=\"300\" src=\"https:\/\/tapas.ch\/wordpress\/wp-content\/uploads\/2018\/03\/Senorans-Albarino-207x300.jpg\" class=\"pt-cv-thumbnail\" alt=\"\" \/><\/a>\n<h4 class=\"pt-cv-title\"><a href=\"https:\/\/tapas.ch\/wordpress\/pazo-senorans-alabarino\/\" class=\"_blank\" target=\"_blank\" >Pazo Se\u00f1orans Alabari\u00f1o<\/a><\/h4>\n<div class=\"pt-cv-content\">Name Pazo Se\u00f1orans Alabari\u00f1o Region Galizien (R\u00edas Baixas) Winzer Pazo ...<\/div><\/div><\/div>\n<div class=\"col-md-3 col-sm-12 col-xs-12 pt-cv-content-item pt-cv-1-col\" ><div class='pt-cv-ifield'><a href=\"https:\/\/tapas.ch\/wordpress\/altos-de-torona-sobre-lias\/\" class=\"_blank pt-cv-href-thumbnail pt-cv-thumb-default\" target=\"_blank\" ><img loading=\"lazy\" decoding=\"async\" width=\"208\" height=\"300\" src=\"https:\/\/tapas.ch\/wordpress\/wp-content\/uploads\/2017\/12\/Altos-de-Torona-208x300.jpg\" class=\"pt-cv-thumbnail\" alt=\"\" \/><\/a>\n<h4 class=\"pt-cv-title\"><a href=\"https:\/\/tapas.ch\/wordpress\/altos-de-torona-sobre-lias\/\" class=\"_blank\" target=\"_blank\" >Altos de Torona &#8222;Sobre Lias&#8220;<\/a><\/h4>\n<div class=\"pt-cv-content\">Name Altos de Torona \"Sobre Lias\" Region O Rosal (Galizien) ...<\/div><\/div><\/div>\n<div class=\"col-md-3 col-sm-12 col-xs-12 pt-cv-content-item pt-cv-1-col\" ><div class='pt-cv-ifield'><a href=\"https:\/\/tapas.ch\/wordpress\/paloma-de-plata-albarino\/\" class=\"_blank pt-cv-href-thumbnail pt-cv-thumb-default\" target=\"_blank\" ><img loading=\"lazy\" decoding=\"async\" width=\"208\" height=\"300\" src=\"https:\/\/tapas.ch\/wordpress\/wp-content\/uploads\/2017\/09\/Paloma-Albarino-208x300.jpg\" class=\"pt-cv-thumbnail\" alt=\"\" \/><\/a>\n<h4 class=\"pt-cv-title\"><a href=\"https:\/\/tapas.ch\/wordpress\/paloma-de-plata-albarino\/\" class=\"_blank\" target=\"_blank\" >Paloma de Plata, Albari\u00f1o<\/a><\/h4>\n<div class=\"pt-cv-content\">Name Paloma de Plata, Albari\u00f1o Region Rias Baixas (Galicia) Winzer ...<\/div><\/div><\/div>\n<div class=\"col-md-3 col-sm-12 col-xs-12 pt-cv-content-item pt-cv-1-col\" ><div class='pt-cv-ifield'><a href=\"https:\/\/tapas.ch\/wordpress\/mar-de-frades\/\" class=\"_blank pt-cv-href-thumbnail pt-cv-thumb-default\" target=\"_blank\" ><img loading=\"lazy\" decoding=\"async\" width=\"208\" height=\"300\" src=\"https:\/\/tapas.ch\/wordpress\/wp-content\/uploads\/2017\/09\/Mar-de-Frades-208x300.jpg\" class=\"pt-cv-thumbnail\" alt=\"\" \/><\/a>\n<h4 class=\"pt-cv-title\"><a href=\"https:\/\/tapas.ch\/wordpress\/mar-de-frades\/\" class=\"_blank\" target=\"_blank\" >Mar de Frades<\/a><\/h4>\n<div class=\"pt-cv-content\">Name Mar de Frades Region Rias Baixas (Galicia) Winzer Bodegas ...<\/div><\/div><\/div>\n<div class=\"col-md-3 col-sm-12 col-xs-12 pt-cv-content-item pt-cv-1-col\" ><div class='pt-cv-ifield'><a href=\"https:\/\/tapas.ch\/wordpress\/santiago-ruiz-albarino\/\" class=\"_blank pt-cv-href-thumbnail pt-cv-thumb-default\" target=\"_blank\" ><img loading=\"lazy\" decoding=\"async\" width=\"207\" height=\"300\" src=\"https:\/\/tapas.ch\/wordpress\/wp-content\/uploads\/2017\/09\/Santiago-Ruiz-207x300.jpg\" class=\"pt-cv-thumbnail\" alt=\"\" \/><\/a>\n<h4 class=\"pt-cv-title\"><a href=\"https:\/\/tapas.ch\/wordpress\/santiago-ruiz-albarino\/\" class=\"_blank\" target=\"_blank\" >Santiago Ruiz Albari\u00f1o<\/a><\/h4>\n<div class=\"pt-cv-content\">Name Santiago Ruiz Albari\u00f1o Region Galizien (O Rosal) Winzer Bodegas ...<\/div><\/div><\/div>\n<div class=\"col-md-3 col-sm-12 col-xs-12 pt-cv-content-item pt-cv-1-col\" ><div class='pt-cv-ifield'><a href=\"https:\/\/tapas.ch\/wordpress\/castro-martin-albarino\/\" class=\"_blank pt-cv-href-thumbnail pt-cv-thumb-default\" target=\"_blank\" ><img loading=\"lazy\" decoding=\"async\" width=\"208\" height=\"300\" src=\"https:\/\/tapas.ch\/wordpress\/wp-content\/uploads\/2017\/09\/Castro-Martin-208x300.jpg\" class=\"pt-cv-thumbnail\" alt=\"\" \/><\/a>\n<h4 class=\"pt-cv-title\"><a href=\"https:\/\/tapas.ch\/wordpress\/castro-martin-albarino\/\" class=\"_blank\" target=\"_blank\" >Castro Martin Albari\u00f1o<\/a><\/h4>\n<div class=\"pt-cv-content\">Name Castro Martin Albari\u00f1o Region Galizien (Rias Baixas) Winzer Bodegas ...<\/div><\/div><\/div>\n<div class=\"col-md-3 col-sm-12 col-xs-12 pt-cv-content-item pt-cv-1-col\" ><div class='pt-cv-ifield'><a href=\"https:\/\/tapas.ch\/wordpress\/pazo-de-san-mauro\/\" class=\"_blank pt-cv-href-thumbnail pt-cv-thumb-default\" target=\"_blank\" ><img loading=\"lazy\" decoding=\"async\" width=\"207\" height=\"300\" src=\"https:\/\/tapas.ch\/wordpress\/wp-content\/uploads\/2017\/09\/Pazo-de-San-Mauro-207x300.jpg\" class=\"pt-cv-thumbnail\" alt=\"\" \/><\/a>\n<h4 class=\"pt-cv-title\"><a href=\"https:\/\/tapas.ch\/wordpress\/pazo-de-san-mauro\/\" class=\"_blank\" target=\"_blank\" >Pazo de San Mauro<\/a><\/h4>\n<div class=\"pt-cv-content\">Name Pazo de San Mauro Region Galizien (Condado do Tea) ...<\/div><\/div><\/div>\n<div class=\"col-md-3 col-sm-12 col-xs-12 pt-cv-content-item pt-cv-1-col\" ><div class='pt-cv-ifield'><a href=\"https:\/\/tapas.ch\/wordpress\/albarino-pazo-baion\/\" class=\"_blank pt-cv-href-thumbnail pt-cv-thumb-default\" target=\"_blank\" ><img loading=\"lazy\" decoding=\"async\" width=\"207\" height=\"300\" src=\"https:\/\/tapas.ch\/wordpress\/wp-content\/uploads\/2017\/09\/Pazo-Baion-207x300.jpg\" class=\"pt-cv-thumbnail\" alt=\"\" \/><\/a>\n<h4 class=\"pt-cv-title\"><a href=\"https:\/\/tapas.ch\/wordpress\/albarino-pazo-baion\/\" class=\"_blank\" target=\"_blank\" >Albari\u00f1o Pazo Bai\u00f3n<\/a><\/h4>\n<div class=\"pt-cv-content\">Name Albari\u00f1o Pazo Bai\u00f3n Region Rias Baixas (Galizien) Winzer Bodega ...<\/div><\/div><\/div>\n<div class=\"col-md-3 col-sm-12 col-xs-12 pt-cv-content-item pt-cv-1-col\" ><div class='pt-cv-ifield'><a href=\"https:\/\/tapas.ch\/wordpress\/anada-de-baladina\/\" class=\"_blank pt-cv-href-thumbnail pt-cv-thumb-default\" target=\"_blank\" ><img loading=\"lazy\" decoding=\"async\" width=\"207\" height=\"300\" src=\"https:\/\/tapas.ch\/wordpress\/wp-content\/uploads\/2017\/09\/A\u00f1ada-de-Baladi\u00f1a-207x300.jpg\" class=\"pt-cv-thumbnail\" alt=\"\" \/><\/a>\n<h4 class=\"pt-cv-title\"><a href=\"https:\/\/tapas.ch\/wordpress\/anada-de-baladina\/\" class=\"_blank\" target=\"_blank\" >A\u00f1ada de Baladi\u00f1a<\/a><\/h4>\n<div class=\"pt-cv-content\">Name A\u00f1ada de Baladi\u00f1a Region Rias Baixas (Galizien) Winzer Lagar ...<\/div><\/div><\/div>\n<div class=\"col-md-3 col-sm-12 col-xs-12 pt-cv-content-item pt-cv-1-col\" ><div class='pt-cv-ifield'><a href=\"https:\/\/tapas.ch\/wordpress\/o-luar-do-sil\/\" class=\"_blank pt-cv-href-thumbnail pt-cv-thumb-default\" target=\"_blank\" ><img loading=\"lazy\" decoding=\"async\" width=\"207\" height=\"300\" src=\"https:\/\/tapas.ch\/wordpress\/wp-content\/uploads\/2017\/09\/O-Luar-207x300.jpg\" class=\"pt-cv-thumbnail\" alt=\"\" \/><\/a>\n<h4 class=\"pt-cv-title\"><a href=\"https:\/\/tapas.ch\/wordpress\/o-luar-do-sil\/\" class=\"_blank\" target=\"_blank\" >O Luar do Sil<\/a><\/h4>\n<div class=\"pt-cv-content\">Name O Luar do Sil Region Valdeorras (Galizien) Winzer Pago ...<\/div><\/div><\/div>\n<div class=\"col-md-3 col-sm-12 col-xs-12 pt-cv-content-item pt-cv-1-col\" ><div class='pt-cv-ifield'><a href=\"https:\/\/tapas.ch\/wordpress\/ramon-bilbao-albarino\/\" class=\"_blank pt-cv-href-thumbnail pt-cv-thumb-default\" target=\"_blank\" ><img loading=\"lazy\" decoding=\"async\" width=\"207\" height=\"300\" src=\"https:\/\/tapas.ch\/wordpress\/wp-content\/uploads\/2017\/06\/Bilbao-Albarino-207x300.jpg\" class=\"pt-cv-thumbnail\" alt=\"\" \/><\/a>\n<h4 class=\"pt-cv-title\"><a href=\"https:\/\/tapas.ch\/wordpress\/ramon-bilbao-albarino\/\" class=\"_blank\" target=\"_blank\" >Ramon Bilbao Albari\u00f1o<\/a><\/h4>\n<div class=\"pt-cv-content\">Name Ramon Bilbao Albari\u00f1o Region Galicia Winzer Bodegas Ram\u00f3n Bilbao ...<\/div><\/div><\/div>\n<div class=\"col-md-3 col-sm-12 col-xs-12 pt-cv-content-item pt-cv-1-col\" ><div class='pt-cv-ifield'><a href=\"https:\/\/tapas.ch\/wordpress\/camino-del-pelegrino\/\" class=\"_blank pt-cv-href-thumbnail pt-cv-thumb-default\" target=\"_blank\" ><img loading=\"lazy\" decoding=\"async\" width=\"208\" height=\"300\" src=\"https:\/\/tapas.ch\/wordpress\/wp-content\/uploads\/2017\/01\/Camino-del-peregrino-208x300.jpg\" class=\"pt-cv-thumbnail\" alt=\"\" \/><\/a>\n<h4 class=\"pt-cv-title\"><a href=\"https:\/\/tapas.ch\/wordpress\/camino-del-pelegrino\/\" class=\"_blank\" target=\"_blank\" >Camino del Peregrino<\/a><\/h4>\n<div class=\"pt-cv-content\">Name Camino del Peregrino Region Rias Baixas (Galizien) Winzer Pazo ...<\/div><\/div><\/div>\n<div class=\"col-md-3 col-sm-12 col-xs-12 pt-cv-content-item pt-cv-1-col\" ><div class='pt-cv-ifield'><a href=\"https:\/\/tapas.ch\/wordpress\/pacolola\/\" class=\"_blank pt-cv-href-thumbnail pt-cv-thumb-default\" target=\"_blank\" ><img loading=\"lazy\" decoding=\"async\" width=\"208\" height=\"300\" src=\"https:\/\/tapas.ch\/wordpress\/wp-content\/uploads\/2015\/03\/PacoLola-208x300.jpg\" class=\"pt-cv-thumbnail\" alt=\"\" \/><\/a>\n<h4 class=\"pt-cv-title\"><a href=\"https:\/\/tapas.ch\/wordpress\/pacolola\/\" class=\"_blank\" target=\"_blank\" >Paco&#038;Lola<\/a><\/h4>\n<div class=\"pt-cv-content\">NamePaco&amp;LolaRegionGalizien (R\u00edas Baixas)WinzerRosalia de CastroTrauben100% Albari\u00f1oWebwww.pacolola.com Spanien hat auch viele ...<\/div><\/div><\/div><\/div><\/div><\/div>\n","protected":false},"excerpt":{"rendered":"","protected":false},"author":1,"featured_media":0,"parent":88,"menu_order":0,"comment_status":"closed","ping_status":"closed","template":"","meta":{"episode_type":"","audio_file":"","podmotor_file_id":"","podmotor_episode_id":"","cover_image":"","cover_image_id":"","duration":"","filesize":"","filesize_raw":"","date_recorded":"","explicit":"","block":"","itunes_episode_number":"","itunes_title":"","itunes_season_number":"","itunes_episode_type":"","footnotes":""},"class_list":["post-2463","page","type-page","status-publish","hentry"],"yoast_head":"<!-- This site is optimized with the Yoast SEO plugin v27.2 - https:\/\/yoast.com\/product\/yoast-seo-wordpress\/ -->\n<title>Galicia - 12 Jahre - tapas.ch<\/title>\n<meta name=\"description\" content=\"Galicia - 12 Jahre - tapas.ch -\" \/>\n<meta name=\"robots\" content=\"index, follow, max-snippet:-1, max-image-preview:large, max-video-preview:-1\" \/>\n<link rel=\"canonical\" href=\"https:\/\/tapas.ch\/wordpress\/weine\/galicia\/\" \/>\n<meta property=\"og:locale\" content=\"de_DE\" \/>\n<meta property=\"og:type\" content=\"article\" \/>\n<meta property=\"og:title\" content=\"Galicia - 12 Jahre - tapas.ch\" \/>\n<meta property=\"og:description\" content=\"Galicia - 12 Jahre - tapas.ch -\" \/>\n<meta property=\"og:url\" content=\"https:\/\/tapas.ch\/wordpress\/weine\/galicia\/\" \/>\n<meta property=\"og:site_name\" content=\"12 Jahre - tapas.ch\" \/>\n<meta property=\"article:modified_time\" content=\"2023-02-05T22:08:50+00:00\" \/>\n<meta name=\"twitter:card\" content=\"summary_large_image\" \/>\n<meta name=\"twitter:label1\" content=\"Gesch\u00e4tzte Lesezeit\" \/>\n\t<meta name=\"twitter:data1\" content=\"1\u00a0Minute\" \/>\n<script type=\"application\/ld+json\" class=\"yoast-schema-graph\">{\"@context\":\"https:\/\/schema.org\",\"@graph\":[{\"@type\":\"WebPage\",\"@id\":\"https:\/\/tapas.ch\/wordpress\/weine\/galicia\/\",\"url\":\"https:\/\/tapas.ch\/wordpress\/weine\/galicia\/\",\"name\":\"Galicia - 12 Jahre - tapas.ch\",\"isPartOf\":{\"@id\":\"https:\/\/tapas.ch\/wordpress\/#website\"},\"datePublished\":\"2015-08-16T18:05:19+00:00\",\"dateModified\":\"2023-02-05T22:08:50+00:00\",\"description\":\"Galicia - 12 Jahre - tapas.ch -\",\"breadcrumb\":{\"@id\":\"https:\/\/tapas.ch\/wordpress\/weine\/galicia\/#breadcrumb\"},\"inLanguage\":\"de\",\"potentialAction\":[{\"@type\":\"ReadAction\",\"target\":[\"https:\/\/tapas.ch\/wordpress\/weine\/galicia\/\"]}]},{\"@type\":\"BreadcrumbList\",\"@id\":\"https:\/\/tapas.ch\/wordpress\/weine\/galicia\/#breadcrumb\",\"itemListElement\":[{\"@type\":\"ListItem\",\"position\":1,\"name\":\"Startseite\",\"item\":\"https:\/\/tapas.ch\/wordpress\/\"},{\"@type\":\"ListItem\",\"position\":2,\"name\":\"Rodolfos Weine\",\"item\":\"https:\/\/tapas.ch\/wordpress\/weine\/\"},{\"@type\":\"ListItem\",\"position\":3,\"name\":\"Galicia\"}]},{\"@type\":\"WebSite\",\"@id\":\"https:\/\/tapas.ch\/wordpress\/#website\",\"url\":\"https:\/\/tapas.ch\/wordpress\/\",\"name\":\"12 Jahre - tapas.ch\",\"description\":\"Tapas, Weine und vieles mehr...\",\"publisher\":{\"@id\":\"https:\/\/tapas.ch\/wordpress\/#\/schema\/person\/b0716d1316a3dfdfc9d94f5d1c6d4937\"},\"potentialAction\":[{\"@type\":\"SearchAction\",\"target\":{\"@type\":\"EntryPoint\",\"urlTemplate\":\"https:\/\/tapas.ch\/wordpress\/?s={search_term_string}\"},\"query-input\":{\"@type\":\"PropertyValueSpecification\",\"valueRequired\":true,\"valueName\":\"search_term_string\"}}],\"inLanguage\":\"de\"},{\"@type\":[\"Person\",\"Organization\"],\"@id\":\"https:\/\/tapas.ch\/wordpress\/#\/schema\/person\/b0716d1316a3dfdfc9d94f5d1c6d4937\",\"name\":\"Rodolfo\",\"image\":{\"@type\":\"ImageObject\",\"inLanguage\":\"de\",\"@id\":\"https:\/\/tapas.ch\/wordpress\/wp-content\/uploads\/2022\/04\/Trauben-Logo-quardratisch.jpg\",\"url\":\"https:\/\/tapas.ch\/wordpress\/wp-content\/uploads\/2022\/04\/Trauben-Logo-quardratisch.jpg\",\"contentUrl\":\"https:\/\/tapas.ch\/wordpress\/wp-content\/uploads\/2022\/04\/Trauben-Logo-quardratisch.jpg\",\"width\":500,\"height\":500,\"caption\":\"Rodolfo\"},\"logo\":{\"@id\":\"https:\/\/tapas.ch\/wordpress\/wp-content\/uploads\/2022\/04\/Trauben-Logo-quardratisch.jpg\"}}]}<\/script>\n<!-- \/ Yoast SEO plugin. -->","yoast_head_json":{"title":"Galicia - 12 Jahre - tapas.ch","description":"Galicia - 12 Jahre - tapas.ch -","robots":{"index":"index","follow":"follow","max-snippet":"max-snippet:-1","max-image-preview":"max-image-preview:large","max-video-preview":"max-video-preview:-1"},"canonical":"https:\/\/tapas.ch\/wordpress\/weine\/galicia\/","og_locale":"de_DE","og_type":"article","og_title":"Galicia - 12 Jahre - tapas.ch","og_description":"Galicia - 12 Jahre - tapas.ch -","og_url":"https:\/\/tapas.ch\/wordpress\/weine\/galicia\/","og_site_name":"12 Jahre - tapas.ch","article_modified_time":"2023-02-05T22:08:50+00:00","twitter_card":"summary_large_image","twitter_misc":{"Gesch\u00e4tzte Lesezeit":"1\u00a0Minute"},"schema":{"@context":"https:\/\/schema.org","@graph":[{"@type":"WebPage","@id":"https:\/\/tapas.ch\/wordpress\/weine\/galicia\/","url":"https:\/\/tapas.ch\/wordpress\/weine\/galicia\/","name":"Galicia - 12 Jahre - tapas.ch","isPartOf":{"@id":"https:\/\/tapas.ch\/wordpress\/#website"},"datePublished":"2015-08-16T18:05:19+00:00","dateModified":"2023-02-05T22:08:50+00:00","description":"Galicia - 12 Jahre - tapas.ch -","breadcrumb":{"@id":"https:\/\/tapas.ch\/wordpress\/weine\/galicia\/#breadcrumb"},"inLanguage":"de","potentialAction":[{"@type":"ReadAction","target":["https:\/\/tapas.ch\/wordpress\/weine\/galicia\/"]}]},{"@type":"BreadcrumbList","@id":"https:\/\/tapas.ch\/wordpress\/weine\/galicia\/#breadcrumb","itemListElement":[{"@type":"ListItem","position":1,"name":"Startseite","item":"https:\/\/tapas.ch\/wordpress\/"},{"@type":"ListItem","position":2,"name":"Rodolfos Weine","item":"https:\/\/tapas.ch\/wordpress\/weine\/"},{"@type":"ListItem","position":3,"name":"Galicia"}]},{"@type":"WebSite","@id":"https:\/\/tapas.ch\/wordpress\/#website","url":"https:\/\/tapas.ch\/wordpress\/","name":"12 Jahre - tapas.ch","description":"Tapas, Weine und vieles mehr...","publisher":{"@id":"https:\/\/tapas.ch\/wordpress\/#\/schema\/person\/b0716d1316a3dfdfc9d94f5d1c6d4937"},"potentialAction":[{"@type":"SearchAction","target":{"@type":"EntryPoint","urlTemplate":"https:\/\/tapas.ch\/wordpress\/?s={search_term_string}"},"query-input":{"@type":"PropertyValueSpecification","valueRequired":true,"valueName":"search_term_string"}}],"inLanguage":"de"},{"@type":["Person","Organization"],"@id":"https:\/\/tapas.ch\/wordpress\/#\/schema\/person\/b0716d1316a3dfdfc9d94f5d1c6d4937","name":"Rodolfo","image":{"@type":"ImageObject","inLanguage":"de","@id":"https:\/\/tapas.ch\/wordpress\/wp-content\/uploads\/2022\/04\/Trauben-Logo-quardratisch.jpg","url":"https:\/\/tapas.ch\/wordpress\/wp-content\/uploads\/2022\/04\/Trauben-Logo-quardratisch.jpg","contentUrl":"https:\/\/tapas.ch\/wordpress\/wp-content\/uploads\/2022\/04\/Trauben-Logo-quardratisch.jpg","width":500,"height":500,"caption":"Rodolfo"},"logo":{"@id":"https:\/\/tapas.ch\/wordpress\/wp-content\/uploads\/2022\/04\/Trauben-Logo-quardratisch.jpg"}}]}},"_links":{"self":[{"href":"https:\/\/tapas.ch\/wordpress\/wp-json\/wp\/v2\/pages\/2463","targetHints":{"allow":["GET"]}}],"collection":[{"href":"https:\/\/tapas.ch\/wordpress\/wp-json\/wp\/v2\/pages"}],"about":[{"href":"https:\/\/tapas.ch\/wordpress\/wp-json\/wp\/v2\/types\/page"}],"author":[{"embeddable":true,"href":"https:\/\/tapas.ch\/wordpress\/wp-json\/wp\/v2\/users\/1"}],"replies":[{"embeddable":true,"href":"https:\/\/tapas.ch\/wordpress\/wp-json\/wp\/v2\/comments?post=2463"}],"version-history":[{"count":3,"href":"https:\/\/tapas.ch\/wordpress\/wp-json\/wp\/v2\/pages\/2463\/revisions"}],"predecessor-version":[{"id":2468,"href":"https:\/\/tapas.ch\/wordpress\/wp-json\/wp\/v2\/pages\/2463\/revisions\/2468"}],"up":[{"embeddable":true,"href":"https:\/\/tapas.ch\/wordpress\/wp-json\/wp\/v2\/pages\/88"}],"wp:attachment":[{"href":"https:\/\/tapas.ch\/wordpress\/wp-json\/wp\/v2\/media?parent=2463"}],"curies":[{"name":"wp","href":"https:\/\/api.w.org\/{rel}","templated":true}]}}