
{"id":2458,"date":"2015-08-16T20:00:41","date_gmt":"2015-08-16T18:00:41","guid":{"rendered":"http:\/\/tapas.ch\/wordpress\/?page_id=2458"},"modified":"2023-02-05T23:04:33","modified_gmt":"2023-02-05T22:04:33","slug":"bierzo","status":"publish","type":"page","link":"https:\/\/tapas.ch\/wordpress\/weine\/bierzo\/","title":{"rendered":"Bierzo"},"content":{"rendered":"<div class=\"pt-cv-wrapper\"><div class=\"pt-cv-view pt-cv-grid pt-cv-colsys\" id=\"pt-cv-view-62e698e90e\"><div data-id=\"pt-cv-page-1\" class=\"pt-cv-page\" data-cvc=\"4\"><div class=\"col-md-3 col-sm-6 col-xs-12 pt-cv-content-item pt-cv-1-col\" ><div class='pt-cv-ifield'><a href=\"https:\/\/tapas.ch\/wordpress\/unculin\/\" class=\"_blank pt-cv-href-thumbnail pt-cv-thumb-default\" target=\"_blank\" ><img loading=\"lazy\" decoding=\"async\" width=\"207\" height=\"300\" src=\"https:\/\/tapas.ch\/wordpress\/wp-content\/uploads\/2021\/05\/unculin-207x300.jpg\" class=\"pt-cv-thumbnail\" alt=\"\" srcset=\"https:\/\/tapas.ch\/wordpress\/wp-content\/uploads\/2021\/05\/unculin-207x300.jpg 207w, https:\/\/tapas.ch\/wordpress\/wp-content\/uploads\/2021\/05\/unculin-708x1024.jpg 708w, https:\/\/tapas.ch\/wordpress\/wp-content\/uploads\/2021\/05\/unculin-768x1111.jpg 768w, https:\/\/tapas.ch\/wordpress\/wp-content\/uploads\/2021\/05\/unculin-1062x1536.jpg 1062w, https:\/\/tapas.ch\/wordpress\/wp-content\/uploads\/2021\/05\/unculin.jpg 1242w\" sizes=\"auto, (max-width: 207px) 100vw, 207px\" \/><\/a>\n<h4 class=\"pt-cv-title\"><a href=\"https:\/\/tapas.ch\/wordpress\/unculin\/\" class=\"_blank\" target=\"_blank\" >Uncul\u00edn<\/a><\/h4>\n<div class=\"pt-cv-content\">NameUncul\u00ednRegionBierzoWinzerJos\u00e9 Antonio Garc\u00edaTrauben100% Mencia + wenig weisser WeinWeb- Un cul\u00edn ...<\/div><\/div><\/div>\n<div class=\"col-md-3 col-sm-6 col-xs-12 pt-cv-content-item pt-cv-1-col\" ><div class='pt-cv-ifield'><a href=\"https:\/\/tapas.ch\/wordpress\/altos-de-losada\/\" class=\"_blank pt-cv-href-thumbnail pt-cv-thumb-default\" target=\"_blank\" ><img loading=\"lazy\" decoding=\"async\" width=\"208\" height=\"300\" src=\"https:\/\/tapas.ch\/wordpress\/wp-content\/uploads\/2020\/12\/Altos-de-Losada-208x300.jpg\" class=\"pt-cv-thumbnail\" alt=\"\" srcset=\"https:\/\/tapas.ch\/wordpress\/wp-content\/uploads\/2020\/12\/Altos-de-Losada-208x300.jpg 208w, https:\/\/tapas.ch\/wordpress\/wp-content\/uploads\/2020\/12\/Altos-de-Losada-709x1024.jpg 709w, https:\/\/tapas.ch\/wordpress\/wp-content\/uploads\/2020\/12\/Altos-de-Losada-768x1109.jpg 768w, https:\/\/tapas.ch\/wordpress\/wp-content\/uploads\/2020\/12\/Altos-de-Losada-1063x1536.jpg 1063w, https:\/\/tapas.ch\/wordpress\/wp-content\/uploads\/2020\/12\/Altos-de-Losada-1418x2048.jpg 1418w, https:\/\/tapas.ch\/wordpress\/wp-content\/uploads\/2020\/12\/Altos-de-Losada.jpg 1460w\" sizes=\"auto, (max-width: 208px) 100vw, 208px\" \/><\/a>\n<h4 class=\"pt-cv-title\"><a href=\"https:\/\/tapas.ch\/wordpress\/altos-de-losada\/\" class=\"_blank\" target=\"_blank\" >Altos de Losada<\/a><\/h4>\n<div class=\"pt-cv-content\">NameAltos de LosadaRegionBierzoWinzerLosada Vinos de FincaTrauben100% MenciaWebwww.losadavinosdefinca.com Die Losada Vinery ...<\/div><\/div><\/div>\n<div class=\"col-md-3 col-sm-6 col-xs-12 pt-cv-content-item pt-cv-1-col\" ><div class='pt-cv-ifield'><a href=\"https:\/\/tapas.ch\/wordpress\/pittacum-barrica\/\" class=\"_blank pt-cv-href-thumbnail pt-cv-thumb-default\" target=\"_blank\" ><img loading=\"lazy\" decoding=\"async\" width=\"207\" height=\"300\" src=\"https:\/\/tapas.ch\/wordpress\/wp-content\/uploads\/2019\/12\/Pittacum-207x300.jpg\" class=\"pt-cv-thumbnail\" alt=\"\" srcset=\"https:\/\/tapas.ch\/wordpress\/wp-content\/uploads\/2019\/12\/Pittacum-207x300.jpg 207w, https:\/\/tapas.ch\/wordpress\/wp-content\/uploads\/2019\/12\/Pittacum-708x1024.jpg 708w, https:\/\/tapas.ch\/wordpress\/wp-content\/uploads\/2019\/12\/Pittacum-768x1110.jpg 768w, https:\/\/tapas.ch\/wordpress\/wp-content\/uploads\/2019\/12\/Pittacum-1062x1536.jpg 1062w, https:\/\/tapas.ch\/wordpress\/wp-content\/uploads\/2019\/12\/Pittacum.jpg 1310w\" sizes=\"auto, (max-width: 207px) 100vw, 207px\" \/><\/a>\n<h4 class=\"pt-cv-title\"><a href=\"https:\/\/tapas.ch\/wordpress\/pittacum-barrica\/\" class=\"_blank\" target=\"_blank\" >Pittacum Barrica<\/a><\/h4>\n<div class=\"pt-cv-content\">NamePittacum BarricaRegionBierzoWinzerVinedos y Bodegas PittacumTrauben100% MenciaWebwww.terrasgauda.com\/#pittacum Das Weingut Pittacum geh\u00f6rt ...<\/div><\/div><\/div>\n<div class=\"col-md-3 col-sm-6 col-xs-12 pt-cv-content-item pt-cv-1-col\" ><div class='pt-cv-ifield'><a href=\"https:\/\/tapas.ch\/wordpress\/la-vitoriana-lomas-de-valtuille-bierzo\/\" class=\"_blank pt-cv-href-thumbnail pt-cv-thumb-default\" target=\"_blank\" ><img loading=\"lazy\" decoding=\"async\" width=\"208\" height=\"300\" src=\"https:\/\/tapas.ch\/wordpress\/wp-content\/uploads\/2019\/04\/La-Vitoriana-208x300.jpg\" class=\"pt-cv-thumbnail\" alt=\"\" srcset=\"https:\/\/tapas.ch\/wordpress\/wp-content\/uploads\/2019\/04\/La-Vitoriana-208x300.jpg 208w, https:\/\/tapas.ch\/wordpress\/wp-content\/uploads\/2019\/04\/La-Vitoriana-768x1109.jpg 768w, https:\/\/tapas.ch\/wordpress\/wp-content\/uploads\/2019\/04\/La-Vitoriana-709x1024.jpg 709w, https:\/\/tapas.ch\/wordpress\/wp-content\/uploads\/2019\/04\/La-Vitoriana.jpg 1335w\" sizes=\"auto, (max-width: 208px) 100vw, 208px\" \/><\/a>\n<h4 class=\"pt-cv-title\"><a href=\"https:\/\/tapas.ch\/wordpress\/la-vitoriana-lomas-de-valtuille-bierzo\/\" class=\"_blank\" target=\"_blank\" >La Vitoriana Lomas de Valtuille Bierzo<\/a><\/h4>\n<div class=\"pt-cv-content\">NameLa Vitoriana Lomas de Valtuille BierzoRegionBierzoWinzerBodegas y Vi\u00f1edos Ra\u00fal Perez ...<\/div><\/div><\/div>\n<div class=\"col-md-3 col-sm-6 col-xs-12 pt-cv-content-item pt-cv-1-col\" ><div class='pt-cv-ifield'><a href=\"https:\/\/tapas.ch\/wordpress\/el-castro-de-valtuille\/\" class=\"_blank pt-cv-href-thumbnail pt-cv-thumb-default\" target=\"_blank\" ><img loading=\"lazy\" decoding=\"async\" width=\"208\" height=\"300\" src=\"https:\/\/tapas.ch\/wordpress\/wp-content\/uploads\/2018\/09\/El-Castro-de-Valtuille-208x300.jpg\" class=\"pt-cv-thumbnail\" alt=\"\" srcset=\"https:\/\/tapas.ch\/wordpress\/wp-content\/uploads\/2018\/09\/El-Castro-de-Valtuille-208x300.jpg 208w, https:\/\/tapas.ch\/wordpress\/wp-content\/uploads\/2018\/09\/El-Castro-de-Valtuille-768x1110.jpg 768w, https:\/\/tapas.ch\/wordpress\/wp-content\/uploads\/2018\/09\/El-Castro-de-Valtuille-709x1024.jpg 709w, https:\/\/tapas.ch\/wordpress\/wp-content\/uploads\/2018\/09\/El-Castro-de-Valtuille.jpg 1312w\" sizes=\"auto, (max-width: 208px) 100vw, 208px\" \/><\/a>\n<h4 class=\"pt-cv-title\"><a href=\"https:\/\/tapas.ch\/wordpress\/el-castro-de-valtuille\/\" class=\"_blank\" target=\"_blank\" >El Castro de Valtuille<\/a><\/h4>\n<div class=\"pt-cv-content\">NameEl Castro de ValtuilleRegionBierzoWinzerBodegas Castro VentosaTrauben100% MenciaWebwww.castroventosa.com Der etwas kauzige ...<\/div><\/div><\/div>\n<div class=\"col-md-3 col-sm-6 col-xs-12 pt-cv-content-item pt-cv-1-col\" ><div class='pt-cv-ifield'><a href=\"https:\/\/tapas.ch\/wordpress\/tilenus-pago-de-posada-reserva\/\" class=\"_blank pt-cv-href-thumbnail pt-cv-thumb-default\" target=\"_blank\" ><img loading=\"lazy\" decoding=\"async\" width=\"208\" height=\"300\" src=\"https:\/\/tapas.ch\/wordpress\/wp-content\/uploads\/2018\/03\/Tilenus-208x300.jpg\" class=\"pt-cv-thumbnail\" alt=\"\" srcset=\"https:\/\/tapas.ch\/wordpress\/wp-content\/uploads\/2018\/03\/Tilenus-208x300.jpg 208w, https:\/\/tapas.ch\/wordpress\/wp-content\/uploads\/2018\/03\/Tilenus-768x1108.jpg 768w, https:\/\/tapas.ch\/wordpress\/wp-content\/uploads\/2018\/03\/Tilenus-710x1024.jpg 710w, https:\/\/tapas.ch\/wordpress\/wp-content\/uploads\/2018\/03\/Tilenus.jpg 1373w\" sizes=\"auto, (max-width: 208px) 100vw, 208px\" \/><\/a>\n<h4 class=\"pt-cv-title\"><a href=\"https:\/\/tapas.ch\/wordpress\/tilenus-pago-de-posada-reserva\/\" class=\"_blank\" target=\"_blank\" >Tilenus Pago de Posada Reserva<\/a><\/h4>\n<div class=\"pt-cv-content\">NameTilenus Pago de Posada ReservaRegionBierzoWinzerBodegas EstafaniaTrauben100% Menc\u00edaWebwww.mgwinesgroup.com\/en\/bodegas-estefania Bodegas Estafania geh\u00f6rt ...<\/div><\/div><\/div>\n<div class=\"col-md-3 col-sm-6 col-xs-12 pt-cv-content-item pt-cv-1-col\" ><div class='pt-cv-ifield'><a href=\"https:\/\/tapas.ch\/wordpress\/palacio-de-canedo-roble\/\" class=\"_blank pt-cv-href-thumbnail pt-cv-thumb-default\" target=\"_blank\" ><img loading=\"lazy\" decoding=\"async\" width=\"208\" height=\"300\" src=\"https:\/\/tapas.ch\/wordpress\/wp-content\/uploads\/2017\/09\/Palacio-de-Canedo-208x300.jpg\" class=\"pt-cv-thumbnail\" alt=\"\" srcset=\"https:\/\/tapas.ch\/wordpress\/wp-content\/uploads\/2017\/09\/Palacio-de-Canedo-208x300.jpg 208w, https:\/\/tapas.ch\/wordpress\/wp-content\/uploads\/2017\/09\/Palacio-de-Canedo-768x1110.jpg 768w, https:\/\/tapas.ch\/wordpress\/wp-content\/uploads\/2017\/09\/Palacio-de-Canedo-708x1024.jpg 708w, https:\/\/tapas.ch\/wordpress\/wp-content\/uploads\/2017\/09\/Palacio-de-Canedo.jpg 1346w\" sizes=\"auto, (max-width: 208px) 100vw, 208px\" \/><\/a>\n<h4 class=\"pt-cv-title\"><a href=\"https:\/\/tapas.ch\/wordpress\/palacio-de-canedo-roble\/\" class=\"_blank\" target=\"_blank\" >Palacio de Canedo Roble<\/a><\/h4>\n<div class=\"pt-cv-content\">NamePalacio de Canedo RobleRegionBierzoWinzerVi\u00f1edos y Bodegas del Palacio de CanedoTrauben100% ...<\/div><\/div><\/div>\n<div class=\"col-md-3 col-sm-6 col-xs-12 pt-cv-content-item pt-cv-1-col\" ><div class='pt-cv-ifield'><a href=\"https:\/\/tapas.ch\/wordpress\/moncerbal\/\" class=\"_blank pt-cv-href-thumbnail pt-cv-thumb-default\" target=\"_blank\" ><img loading=\"lazy\" decoding=\"async\" width=\"208\" height=\"300\" src=\"https:\/\/tapas.ch\/wordpress\/wp-content\/uploads\/2019\/10\/Moncerbal-208x300.jpg\" class=\"pt-cv-thumbnail\" alt=\"\" srcset=\"https:\/\/tapas.ch\/wordpress\/wp-content\/uploads\/2019\/10\/Moncerbal-208x300.jpg 208w, https:\/\/tapas.ch\/wordpress\/wp-content\/uploads\/2019\/10\/Moncerbal-768x1110.jpg 768w, https:\/\/tapas.ch\/wordpress\/wp-content\/uploads\/2019\/10\/Moncerbal-709x1024.jpg 709w, https:\/\/tapas.ch\/wordpress\/wp-content\/uploads\/2019\/10\/Moncerbal.jpg 1565w\" sizes=\"auto, (max-width: 208px) 100vw, 208px\" \/><\/a>\n<h4 class=\"pt-cv-title\"><a href=\"https:\/\/tapas.ch\/wordpress\/moncerbal\/\" class=\"_blank\" target=\"_blank\" >Moncerbal<\/a><\/h4>\n<div class=\"pt-cv-content\">NameMoncerbalRegionDO BierzoWinzerBodega Descendientes de J. PalaciosTraubenMenciaWeb Diesen Superwein trank ich ...<\/div><\/div><\/div>\n<div class=\"col-md-3 col-sm-6 col-xs-12 pt-cv-content-item pt-cv-1-col\" ><div class='pt-cv-ifield'><a href=\"https:\/\/tapas.ch\/wordpress\/petalos-del-bierzo\/\" class=\"_blank pt-cv-href-thumbnail pt-cv-thumb-default\" target=\"_blank\" ><img loading=\"lazy\" decoding=\"async\" width=\"208\" height=\"300\" src=\"https:\/\/tapas.ch\/wordpress\/wp-content\/uploads\/2015\/07\/Petalos-208x300.jpg\" class=\"pt-cv-thumbnail\" alt=\"\" srcset=\"https:\/\/tapas.ch\/wordpress\/wp-content\/uploads\/2015\/07\/Petalos-208x300.jpg 208w, https:\/\/tapas.ch\/wordpress\/wp-content\/uploads\/2015\/07\/Petalos-709x1024.jpg 709w, https:\/\/tapas.ch\/wordpress\/wp-content\/uploads\/2015\/07\/Petalos-900x1300.jpg 900w, https:\/\/tapas.ch\/wordpress\/wp-content\/uploads\/2015\/07\/Petalos.jpg 1459w\" sizes=\"auto, (max-width: 208px) 100vw, 208px\" \/><\/a>\n<h4 class=\"pt-cv-title\"><a href=\"https:\/\/tapas.ch\/wordpress\/petalos-del-bierzo\/\" class=\"_blank\" target=\"_blank\" >P\u00e9talos del Bierzo<\/a><\/h4>\n<div class=\"pt-cv-content\">NameP\u00e9talos del BierzoRegionBierzoWinzerBodega Descendientes de J. PalaciosTrauben95% Mencia, 5% andereWeb ...<\/div><\/div><\/div>\n<div class=\"col-md-3 col-sm-6 col-xs-12 pt-cv-content-item pt-cv-1-col\" ><div class='pt-cv-ifield'><a href=\"https:\/\/tapas.ch\/wordpress\/villa-de-corullon\/\" class=\"_blank pt-cv-href-thumbnail pt-cv-thumb-default\" target=\"_blank\" ><img loading=\"lazy\" decoding=\"async\" width=\"208\" height=\"300\" src=\"https:\/\/tapas.ch\/wordpress\/wp-content\/uploads\/2019\/04\/Villa-de-Corullon-208x300.jpg\" class=\"pt-cv-thumbnail\" alt=\"\" srcset=\"https:\/\/tapas.ch\/wordpress\/wp-content\/uploads\/2019\/04\/Villa-de-Corullon-208x300.jpg 208w, https:\/\/tapas.ch\/wordpress\/wp-content\/uploads\/2019\/04\/Villa-de-Corullon-768x1109.jpg 768w, https:\/\/tapas.ch\/wordpress\/wp-content\/uploads\/2019\/04\/Villa-de-Corullon-709x1024.jpg 709w, https:\/\/tapas.ch\/wordpress\/wp-content\/uploads\/2019\/04\/Villa-de-Corullon.jpg 1139w\" sizes=\"auto, (max-width: 208px) 100vw, 208px\" \/><\/a>\n<h4 class=\"pt-cv-title\"><a href=\"https:\/\/tapas.ch\/wordpress\/villa-de-corullon\/\" class=\"_blank\" target=\"_blank\" >Villa de Corull\u00f3n<\/a><\/h4>\n<div class=\"pt-cv-content\">NameVilla de Corull\u00f3nRegionBierzoWinzerDescendientes de J. PalaciosTrauben97% Mencia, 3% weisse TraubenWeb ...<\/div><\/div><\/div>\n<div class=\"col-md-3 col-sm-6 col-xs-12 pt-cv-content-item pt-cv-1-col\" ><div class='pt-cv-ifield'><a href=\"https:\/\/tapas.ch\/wordpress\/godelia-mencia\/\" class=\"_blank pt-cv-href-thumbnail pt-cv-thumb-default\" target=\"_blank\" ><img loading=\"lazy\" decoding=\"async\" width=\"208\" height=\"300\" src=\"https:\/\/tapas.ch\/wordpress\/wp-content\/uploads\/2015\/06\/Godelia-208x300.jpg\" class=\"pt-cv-thumbnail\" alt=\"\" srcset=\"https:\/\/tapas.ch\/wordpress\/wp-content\/uploads\/2015\/06\/Godelia-208x300.jpg 208w, https:\/\/tapas.ch\/wordpress\/wp-content\/uploads\/2015\/06\/Godelia-708x1024.jpg 708w, https:\/\/tapas.ch\/wordpress\/wp-content\/uploads\/2015\/06\/Godelia-900x1301.jpg 900w, https:\/\/tapas.ch\/wordpress\/wp-content\/uploads\/2015\/06\/Godelia.jpg 1623w\" sizes=\"auto, (max-width: 208px) 100vw, 208px\" \/><\/a>\n<h4 class=\"pt-cv-title\"><a href=\"https:\/\/tapas.ch\/wordpress\/godelia-mencia\/\" class=\"_blank\" target=\"_blank\" >Godelia Menc\u00eda<\/a><\/h4>\n<div class=\"pt-cv-content\">NameGodeliaRegionBierzoWinzerBodegas GodeliaTrauben100% Menc\u00edaWebwww.godelia.es Die Region Bierzo ist nicht so bekannt ...<\/div><\/div><\/div><\/div><\/div><\/div>\n","protected":false},"excerpt":{"rendered":"","protected":false},"author":1,"featured_media":0,"parent":88,"menu_order":0,"comment_status":"closed","ping_status":"closed","template":"","meta":{"episode_type":"","audio_file":"","podmotor_file_id":"","podmotor_episode_id":"","cover_image":"","cover_image_id":"","duration":"","filesize":"","filesize_raw":"","date_recorded":"","explicit":"","block":"","itunes_episode_number":"","itunes_title":"","itunes_season_number":"","itunes_episode_type":"","footnotes":""},"class_list":["post-2458","page","type-page","status-publish","hentry"],"yoast_head":"<!-- This site is optimized with the Yoast SEO plugin v27.2 - https:\/\/yoast.com\/product\/yoast-seo-wordpress\/ -->\n<title>Bierzo - 12 Jahre - tapas.ch<\/title>\n<meta name=\"description\" content=\"Bierzo - 12 Jahre - tapas.ch -\" \/>\n<meta name=\"robots\" content=\"index, follow, max-snippet:-1, max-image-preview:large, max-video-preview:-1\" \/>\n<link rel=\"canonical\" href=\"https:\/\/tapas.ch\/wordpress\/weine\/bierzo\/\" \/>\n<meta property=\"og:locale\" content=\"de_DE\" \/>\n<meta property=\"og:type\" content=\"article\" \/>\n<meta property=\"og:title\" content=\"Bierzo - 12 Jahre - tapas.ch\" \/>\n<meta property=\"og:description\" content=\"Bierzo - 12 Jahre - tapas.ch -\" \/>\n<meta property=\"og:url\" content=\"https:\/\/tapas.ch\/wordpress\/weine\/bierzo\/\" \/>\n<meta property=\"og:site_name\" content=\"12 Jahre - tapas.ch\" \/>\n<meta property=\"article:modified_time\" content=\"2023-02-05T22:04:33+00:00\" \/>\n<meta name=\"twitter:card\" content=\"summary_large_image\" \/>\n<meta name=\"twitter:label1\" content=\"Gesch\u00e4tzte Lesezeit\" \/>\n\t<meta name=\"twitter:data1\" content=\"1\u00a0Minute\" \/>\n<script type=\"application\/ld+json\" class=\"yoast-schema-graph\">{\"@context\":\"https:\/\/schema.org\",\"@graph\":[{\"@type\":\"WebPage\",\"@id\":\"https:\/\/tapas.ch\/wordpress\/weine\/bierzo\/\",\"url\":\"https:\/\/tapas.ch\/wordpress\/weine\/bierzo\/\",\"name\":\"Bierzo - 12 Jahre - tapas.ch\",\"isPartOf\":{\"@id\":\"https:\/\/tapas.ch\/wordpress\/#website\"},\"datePublished\":\"2015-08-16T18:00:41+00:00\",\"dateModified\":\"2023-02-05T22:04:33+00:00\",\"description\":\"Bierzo - 12 Jahre - tapas.ch -\",\"breadcrumb\":{\"@id\":\"https:\/\/tapas.ch\/wordpress\/weine\/bierzo\/#breadcrumb\"},\"inLanguage\":\"de\",\"potentialAction\":[{\"@type\":\"ReadAction\",\"target\":[\"https:\/\/tapas.ch\/wordpress\/weine\/bierzo\/\"]}]},{\"@type\":\"BreadcrumbList\",\"@id\":\"https:\/\/tapas.ch\/wordpress\/weine\/bierzo\/#breadcrumb\",\"itemListElement\":[{\"@type\":\"ListItem\",\"position\":1,\"name\":\"Startseite\",\"item\":\"https:\/\/tapas.ch\/wordpress\/\"},{\"@type\":\"ListItem\",\"position\":2,\"name\":\"Rodolfos Weine\",\"item\":\"https:\/\/tapas.ch\/wordpress\/weine\/\"},{\"@type\":\"ListItem\",\"position\":3,\"name\":\"Bierzo\"}]},{\"@type\":\"WebSite\",\"@id\":\"https:\/\/tapas.ch\/wordpress\/#website\",\"url\":\"https:\/\/tapas.ch\/wordpress\/\",\"name\":\"12 Jahre - tapas.ch\",\"description\":\"Tapas, Weine und vieles mehr...\",\"publisher\":{\"@id\":\"https:\/\/tapas.ch\/wordpress\/#\/schema\/person\/b0716d1316a3dfdfc9d94f5d1c6d4937\"},\"potentialAction\":[{\"@type\":\"SearchAction\",\"target\":{\"@type\":\"EntryPoint\",\"urlTemplate\":\"https:\/\/tapas.ch\/wordpress\/?s={search_term_string}\"},\"query-input\":{\"@type\":\"PropertyValueSpecification\",\"valueRequired\":true,\"valueName\":\"search_term_string\"}}],\"inLanguage\":\"de\"},{\"@type\":[\"Person\",\"Organization\"],\"@id\":\"https:\/\/tapas.ch\/wordpress\/#\/schema\/person\/b0716d1316a3dfdfc9d94f5d1c6d4937\",\"name\":\"Rodolfo\",\"image\":{\"@type\":\"ImageObject\",\"inLanguage\":\"de\",\"@id\":\"https:\/\/tapas.ch\/wordpress\/wp-content\/uploads\/2022\/04\/Trauben-Logo-quardratisch.jpg\",\"url\":\"https:\/\/tapas.ch\/wordpress\/wp-content\/uploads\/2022\/04\/Trauben-Logo-quardratisch.jpg\",\"contentUrl\":\"https:\/\/tapas.ch\/wordpress\/wp-content\/uploads\/2022\/04\/Trauben-Logo-quardratisch.jpg\",\"width\":500,\"height\":500,\"caption\":\"Rodolfo\"},\"logo\":{\"@id\":\"https:\/\/tapas.ch\/wordpress\/wp-content\/uploads\/2022\/04\/Trauben-Logo-quardratisch.jpg\"}}]}<\/script>\n<!-- \/ Yoast SEO plugin. -->","yoast_head_json":{"title":"Bierzo - 12 Jahre - tapas.ch","description":"Bierzo - 12 Jahre - tapas.ch -","robots":{"index":"index","follow":"follow","max-snippet":"max-snippet:-1","max-image-preview":"max-image-preview:large","max-video-preview":"max-video-preview:-1"},"canonical":"https:\/\/tapas.ch\/wordpress\/weine\/bierzo\/","og_locale":"de_DE","og_type":"article","og_title":"Bierzo - 12 Jahre - tapas.ch","og_description":"Bierzo - 12 Jahre - tapas.ch -","og_url":"https:\/\/tapas.ch\/wordpress\/weine\/bierzo\/","og_site_name":"12 Jahre - tapas.ch","article_modified_time":"2023-02-05T22:04:33+00:00","twitter_card":"summary_large_image","twitter_misc":{"Gesch\u00e4tzte Lesezeit":"1\u00a0Minute"},"schema":{"@context":"https:\/\/schema.org","@graph":[{"@type":"WebPage","@id":"https:\/\/tapas.ch\/wordpress\/weine\/bierzo\/","url":"https:\/\/tapas.ch\/wordpress\/weine\/bierzo\/","name":"Bierzo - 12 Jahre - tapas.ch","isPartOf":{"@id":"https:\/\/tapas.ch\/wordpress\/#website"},"datePublished":"2015-08-16T18:00:41+00:00","dateModified":"2023-02-05T22:04:33+00:00","description":"Bierzo - 12 Jahre - tapas.ch -","breadcrumb":{"@id":"https:\/\/tapas.ch\/wordpress\/weine\/bierzo\/#breadcrumb"},"inLanguage":"de","potentialAction":[{"@type":"ReadAction","target":["https:\/\/tapas.ch\/wordpress\/weine\/bierzo\/"]}]},{"@type":"BreadcrumbList","@id":"https:\/\/tapas.ch\/wordpress\/weine\/bierzo\/#breadcrumb","itemListElement":[{"@type":"ListItem","position":1,"name":"Startseite","item":"https:\/\/tapas.ch\/wordpress\/"},{"@type":"ListItem","position":2,"name":"Rodolfos Weine","item":"https:\/\/tapas.ch\/wordpress\/weine\/"},{"@type":"ListItem","position":3,"name":"Bierzo"}]},{"@type":"WebSite","@id":"https:\/\/tapas.ch\/wordpress\/#website","url":"https:\/\/tapas.ch\/wordpress\/","name":"12 Jahre - tapas.ch","description":"Tapas, Weine und vieles mehr...","publisher":{"@id":"https:\/\/tapas.ch\/wordpress\/#\/schema\/person\/b0716d1316a3dfdfc9d94f5d1c6d4937"},"potentialAction":[{"@type":"SearchAction","target":{"@type":"EntryPoint","urlTemplate":"https:\/\/tapas.ch\/wordpress\/?s={search_term_string}"},"query-input":{"@type":"PropertyValueSpecification","valueRequired":true,"valueName":"search_term_string"}}],"inLanguage":"de"},{"@type":["Person","Organization"],"@id":"https:\/\/tapas.ch\/wordpress\/#\/schema\/person\/b0716d1316a3dfdfc9d94f5d1c6d4937","name":"Rodolfo","image":{"@type":"ImageObject","inLanguage":"de","@id":"https:\/\/tapas.ch\/wordpress\/wp-content\/uploads\/2022\/04\/Trauben-Logo-quardratisch.jpg","url":"https:\/\/tapas.ch\/wordpress\/wp-content\/uploads\/2022\/04\/Trauben-Logo-quardratisch.jpg","contentUrl":"https:\/\/tapas.ch\/wordpress\/wp-content\/uploads\/2022\/04\/Trauben-Logo-quardratisch.jpg","width":500,"height":500,"caption":"Rodolfo"},"logo":{"@id":"https:\/\/tapas.ch\/wordpress\/wp-content\/uploads\/2022\/04\/Trauben-Logo-quardratisch.jpg"}}]}},"_links":{"self":[{"href":"https:\/\/tapas.ch\/wordpress\/wp-json\/wp\/v2\/pages\/2458","targetHints":{"allow":["GET"]}}],"collection":[{"href":"https:\/\/tapas.ch\/wordpress\/wp-json\/wp\/v2\/pages"}],"about":[{"href":"https:\/\/tapas.ch\/wordpress\/wp-json\/wp\/v2\/types\/page"}],"author":[{"embeddable":true,"href":"https:\/\/tapas.ch\/wordpress\/wp-json\/wp\/v2\/users\/1"}],"replies":[{"embeddable":true,"href":"https:\/\/tapas.ch\/wordpress\/wp-json\/wp\/v2\/comments?post=2458"}],"version-history":[{"count":2,"href":"https:\/\/tapas.ch\/wordpress\/wp-json\/wp\/v2\/pages\/2458\/revisions"}],"predecessor-version":[{"id":2462,"href":"https:\/\/tapas.ch\/wordpress\/wp-json\/wp\/v2\/pages\/2458\/revisions\/2462"}],"up":[{"embeddable":true,"href":"https:\/\/tapas.ch\/wordpress\/wp-json\/wp\/v2\/pages\/88"}],"wp:attachment":[{"href":"https:\/\/tapas.ch\/wordpress\/wp-json\/wp\/v2\/media?parent=2458"}],"curies":[{"name":"wp","href":"https:\/\/api.w.org\/{rel}","templated":true}]}}