
{"id":1949,"date":"2015-07-08T23:22:03","date_gmt":"2015-07-08T21:22:03","guid":{"rendered":"http:\/\/tapas.ch\/wordpress\/?page_id=1949"},"modified":"2023-07-07T18:19:34","modified_gmt":"2023-07-07T16:19:34","slug":"links","status":"publish","type":"page","link":"https:\/\/tapas.ch\/wordpress\/links\/","title":{"rendered":"Links"},"content":{"rendered":"<p><span style=\"text-decoration: underline;\"><strong>Meine Hauptbezugsquellen f\u00fcr spanischen Wein:<\/strong><\/span><\/p>\n<ul>\n<li><strong><a href=\"http:\/\/www.kueferweg.ch\/\" target=\"_blank\" rel=\"noopener noreferrer\">Weinhandlung am K\u00fcferweg<\/a><\/strong><\/li>\n<li><strong><a href=\"http:\/\/www.moevenpick-wein.com\/de\/\" target=\"_blank\" rel=\"noopener noreferrer\">M\u00f6venpick Weine<\/a><\/strong><\/li>\n<li><strong><a href=\"http:\/\/www.flaschenpost.ch\/\" target=\"_blank\" rel=\"noopener noreferrer\">Flaschenpost<\/a><\/strong><\/li>\n<li><strong><a href=\"http:\/\/www.spanienweinonline.ch\/\" target=\"_blank\" rel=\"noopener noreferrer\">Spanien Wein Online<\/a><\/strong><\/li>\n<li><strong><a href=\"http:\/\/www.vinazion.ch\/\" target=\"_blank\" rel=\"noopener noreferrer\">Vinazion<\/a><\/strong><\/li>\n<li><strong><a href=\"http:\/\/www.vinovintana.ch\/\" target=\"_blank\" rel=\"noopener noreferrer\">Vinovintana<\/a><\/strong><\/li>\n<li><strong><a href=\"https:\/\/www.mondovino.ch\/\" target=\"_blank\" rel=\"noopener noreferrer\">Coop Mondovino<\/a><\/strong><\/li>\n<li><strong><a href=\"http:\/\/www.riegger.ch\/de\/\" target=\"_blank\" rel=\"noopener noreferrer\">Rieger Weine<\/a><\/strong><\/li>\n<li><strong><a href=\"https:\/\/www.bindella.ch\/de\/weinshop.html\" target=\"_blank\" rel=\"noopener noreferrer\">Bindella Weine<\/a><\/strong><\/li>\n<li><strong><a href=\"http:\/\/www.zweifelweine.ch\/\" target=\"_blank\" rel=\"noopener noreferrer\">Zweifel Weine<\/a><\/strong><\/li>\n<li><a href=\"http:\/\/www.jeggliweine.ch\/de\/\" target=\"_blank\" rel=\"noopener\"><strong>Jeggli Weine<\/strong><\/a><\/li>\n<li><strong><a href=\"http:\/\/denner-wineshop.ch\/\" target=\"_blank\" rel=\"noopener noreferrer\">Denner<\/a><\/strong><\/li>\n<li><strong><a href=\"http:\/\/www.topcc.ch\/\" target=\"_blank\" rel=\"noopener noreferrer\">TopCC<\/a><\/strong><\/li>\n<li><a href=\"https:\/\/www.globus.ch\/de\/wein\/c\/delicatessa_wein\" target=\"_blank\" rel=\"noopener\"><strong>Globus Delicatessa<\/strong><\/a><\/li>\n<li><strong><a href=\"http:\/\/bauraulacvins.ch\/de\/home.html\" target=\"_blank\" rel=\"noopener noreferrer\">Baur au Lac Vins<\/a><\/strong><\/li>\n<li><strong><a href=\"https:\/\/www.martel.ch\/\" target=\"_blank\" rel=\"noopener noreferrer\">Martel Wein<\/a><\/strong><\/li>\n<li><strong><a href=\"http:\/\/www.rio-getraenke.ch\/\" target=\"_blank\" rel=\"noopener noreferrer\">Rio Getr\u00e4nke<\/a><\/strong><\/li>\n<li><strong><a href=\"https:\/\/www.delinat.com\/\" target=\"_blank\" rel=\"noopener noreferrer\">Delinat<\/a><\/strong><\/li>\n<li><strong><a href=\"http:\/\/www.granreserva.ch\/\" target=\"_blank\" rel=\"noopener noreferrer\">Gran Reserva Vinothek<\/a><\/strong><\/li>\n<li><a href=\"http:\/\/www.felicious.ch\/\" target=\"_blank\" rel=\"noopener\"><strong>Felicious<\/strong><\/a><\/li>\n<li><strong><a href=\"http:\/\/www.vinumsa.ch\/de\" target=\"_blank\" rel=\"noopener noreferrer\">Vinum SA<\/a><\/strong><\/li>\n<li><strong><a href=\"https:\/\/www.vinothek-brancaia.ch\/\" target=\"_blank\" rel=\"noopener noreferrer\">Vinothek Brancaia<\/a><\/strong><\/li>\n<li><strong><a href=\"http:\/\/www.weindepot.ch\" target=\"_blank\" rel=\"noopener noreferrer\">HG Weindepot<\/a><\/strong><\/li>\n<li><strong><a href=\"http:\/\/www.felsenkeller-sh.ch\" target=\"_blank\" rel=\"noopener noreferrer\">Felsenkeller Schaffhausen<\/a><\/strong><\/li>\n<\/ul>\n<p>\u00a0<\/p>\n<p><span style=\"text-decoration: underline;\"><strong>Interessante Seiten des spanischen Weintourismus<\/strong><\/span><\/p>\n<ul>\n<li><strong><a href=\"http:\/\/www.vinoturismorioja.com\" target=\"_blank\" rel=\"noopener noreferrer\">www.vinoturismorioja.com<\/a><\/strong><\/li>\n<li><strong><a href=\"http:\/\/www.rutadelvinoriberadelduero.es\" target=\"_blank\" rel=\"noopener noreferrer\">www.rutadelvinoriberadelduero.es<\/a><\/strong><\/li>\n<li><strong><a href=\"http:\/\/www.riberadelduero.es\" target=\"_blank\" rel=\"noopener noreferrer\">www.riberadelduero.es<\/a><\/strong><\/li>\n<li><strong><a href=\"http:\/\/www.rutadelvinoderueda.com\" target=\"_blank\" rel=\"noopener noreferrer\">www.rutadelvinoderueda.com<\/a><\/strong><\/li>\n<li><strong><a href=\"http:\/\/www.vinosdemadrid.es\" target=\"_blank\" rel=\"noopener noreferrer\">www.vinosdemadrid.es<\/a><\/strong><\/li>\n<li><strong><a href=\"http:\/\/www.dorueda.com\/\" target=\"_blank\" rel=\"noopener noreferrer\">www.dorueda.com<\/a><\/strong><\/li>\n<li><strong><a href=\"http:\/\/www.spain.info\/de_DE\/que-quieres\/gastronomia\/rutas-vino\" target=\"_blank\" rel=\"noopener noreferrer\">Spanische Weinstrassen<\/a><\/strong><\/li>\n<li><strong><a href=\"http:\/\/rutadelvinoriasbaixas.com\/\" target=\"_blank\" rel=\"noopener noreferrer\">rutadelvinoriasbaixas.com<\/a><\/strong><\/li>\n<li><strong><a href=\"http:\/\/www.rutadelvinovaldeorras.com\" target=\"_blank\" rel=\"noopener noreferrer\">www.rutadelvinovaldeorras.com<\/a><\/strong><\/li>\n<li><strong><a href=\"http:\/\/bierzoenoturismo.com\" target=\"_blank\" rel=\"noopener noreferrer\">bierzoenoturismo.com<\/a><\/strong><\/li>\n<\/ul>\n\n\n<div style=\"height:20px\" aria-hidden=\"true\" class=\"wp-block-spacer\"><\/div>\n\n\n\n<div style=\"height:20px\" aria-hidden=\"true\" class=\"wp-block-spacer\"><\/div>\n","protected":false},"excerpt":{"rendered":"<p>Meine Hauptbezugsquellen f\u00fcr spanischen Wein: Weinhandlung am K\u00fcferweg M\u00f6venpick Weine Flaschenpost Spanien Wein Online Vinazion Vinovintana Coop Mondovino Rieger Weine Bindella Weine Zweifel Weine Jeggli Weine Denner TopCC Globus Delicatessa<span class=\"more-button\"><a href=\"https:\/\/tapas.ch\/wordpress\/links\/\" class=\"more-link\">Weiterlesen &#8230;<span class=\"screen-reader-text\">Links<\/span><\/a><\/span><\/p>\n","protected":false},"author":1,"featured_media":0,"parent":0,"menu_order":0,"comment_status":"closed","ping_status":"closed","template":"","meta":{"episode_type":"","audio_file":"","podmotor_file_id":"","podmotor_episode_id":"","cover_image":"","cover_image_id":"","duration":"","filesize":"","filesize_raw":"","date_recorded":"","explicit":"","block":"","itunes_episode_number":"","itunes_title":"","itunes_season_number":"","itunes_episode_type":"","footnotes":""},"class_list":["post-1949","page","type-page","status-publish","hentry"],"yoast_head":"<!-- This site is optimized with the Yoast SEO plugin v27.2 - https:\/\/yoast.com\/product\/yoast-seo-wordpress\/ -->\n<title>Links - 12 Jahre - tapas.ch<\/title>\n<meta name=\"description\" content=\"Links - 12 Jahre - tapas.ch -\" \/>\n<meta name=\"robots\" content=\"index, follow, max-snippet:-1, max-image-preview:large, max-video-preview:-1\" \/>\n<link rel=\"canonical\" href=\"https:\/\/tapas.ch\/wordpress\/links\/\" \/>\n<meta property=\"og:locale\" content=\"de_DE\" \/>\n<meta property=\"og:type\" content=\"article\" \/>\n<meta property=\"og:title\" content=\"Links - 12 Jahre - tapas.ch\" \/>\n<meta property=\"og:description\" content=\"Links - 12 Jahre - tapas.ch -\" \/>\n<meta property=\"og:url\" content=\"https:\/\/tapas.ch\/wordpress\/links\/\" \/>\n<meta property=\"og:site_name\" content=\"12 Jahre - tapas.ch\" \/>\n<meta property=\"article:modified_time\" content=\"2023-07-07T16:19:34+00:00\" \/>\n<meta name=\"twitter:card\" content=\"summary_large_image\" \/>\n<meta name=\"twitter:label1\" content=\"Gesch\u00e4tzte Lesezeit\" \/>\n\t<meta name=\"twitter:data1\" content=\"1\u00a0Minute\" \/>\n<script type=\"application\/ld+json\" class=\"yoast-schema-graph\">{\"@context\":\"https:\/\/schema.org\",\"@graph\":[{\"@type\":\"WebPage\",\"@id\":\"https:\/\/tapas.ch\/wordpress\/links\/\",\"url\":\"https:\/\/tapas.ch\/wordpress\/links\/\",\"name\":\"Links - 12 Jahre - tapas.ch\",\"isPartOf\":{\"@id\":\"https:\/\/tapas.ch\/wordpress\/#website\"},\"datePublished\":\"2015-07-08T21:22:03+00:00\",\"dateModified\":\"2023-07-07T16:19:34+00:00\",\"description\":\"Links - 12 Jahre - tapas.ch -\",\"breadcrumb\":{\"@id\":\"https:\/\/tapas.ch\/wordpress\/links\/#breadcrumb\"},\"inLanguage\":\"de\",\"potentialAction\":[{\"@type\":\"ReadAction\",\"target\":[\"https:\/\/tapas.ch\/wordpress\/links\/\"]}]},{\"@type\":\"BreadcrumbList\",\"@id\":\"https:\/\/tapas.ch\/wordpress\/links\/#breadcrumb\",\"itemListElement\":[{\"@type\":\"ListItem\",\"position\":1,\"name\":\"Startseite\",\"item\":\"https:\/\/tapas.ch\/wordpress\/\"},{\"@type\":\"ListItem\",\"position\":2,\"name\":\"Links\"}]},{\"@type\":\"WebSite\",\"@id\":\"https:\/\/tapas.ch\/wordpress\/#website\",\"url\":\"https:\/\/tapas.ch\/wordpress\/\",\"name\":\"12 Jahre - tapas.ch\",\"description\":\"Tapas, Weine und vieles mehr...\",\"publisher\":{\"@id\":\"https:\/\/tapas.ch\/wordpress\/#\/schema\/person\/b0716d1316a3dfdfc9d94f5d1c6d4937\"},\"potentialAction\":[{\"@type\":\"SearchAction\",\"target\":{\"@type\":\"EntryPoint\",\"urlTemplate\":\"https:\/\/tapas.ch\/wordpress\/?s={search_term_string}\"},\"query-input\":{\"@type\":\"PropertyValueSpecification\",\"valueRequired\":true,\"valueName\":\"search_term_string\"}}],\"inLanguage\":\"de\"},{\"@type\":[\"Person\",\"Organization\"],\"@id\":\"https:\/\/tapas.ch\/wordpress\/#\/schema\/person\/b0716d1316a3dfdfc9d94f5d1c6d4937\",\"name\":\"Rodolfo\",\"image\":{\"@type\":\"ImageObject\",\"inLanguage\":\"de\",\"@id\":\"https:\/\/tapas.ch\/wordpress\/wp-content\/uploads\/2022\/04\/Trauben-Logo-quardratisch.jpg\",\"url\":\"https:\/\/tapas.ch\/wordpress\/wp-content\/uploads\/2022\/04\/Trauben-Logo-quardratisch.jpg\",\"contentUrl\":\"https:\/\/tapas.ch\/wordpress\/wp-content\/uploads\/2022\/04\/Trauben-Logo-quardratisch.jpg\",\"width\":500,\"height\":500,\"caption\":\"Rodolfo\"},\"logo\":{\"@id\":\"https:\/\/tapas.ch\/wordpress\/wp-content\/uploads\/2022\/04\/Trauben-Logo-quardratisch.jpg\"}}]}<\/script>\n<!-- \/ Yoast SEO plugin. -->","yoast_head_json":{"title":"Links - 12 Jahre - tapas.ch","description":"Links - 12 Jahre - tapas.ch -","robots":{"index":"index","follow":"follow","max-snippet":"max-snippet:-1","max-image-preview":"max-image-preview:large","max-video-preview":"max-video-preview:-1"},"canonical":"https:\/\/tapas.ch\/wordpress\/links\/","og_locale":"de_DE","og_type":"article","og_title":"Links - 12 Jahre - tapas.ch","og_description":"Links - 12 Jahre - tapas.ch -","og_url":"https:\/\/tapas.ch\/wordpress\/links\/","og_site_name":"12 Jahre - tapas.ch","article_modified_time":"2023-07-07T16:19:34+00:00","twitter_card":"summary_large_image","twitter_misc":{"Gesch\u00e4tzte Lesezeit":"1\u00a0Minute"},"schema":{"@context":"https:\/\/schema.org","@graph":[{"@type":"WebPage","@id":"https:\/\/tapas.ch\/wordpress\/links\/","url":"https:\/\/tapas.ch\/wordpress\/links\/","name":"Links - 12 Jahre - tapas.ch","isPartOf":{"@id":"https:\/\/tapas.ch\/wordpress\/#website"},"datePublished":"2015-07-08T21:22:03+00:00","dateModified":"2023-07-07T16:19:34+00:00","description":"Links - 12 Jahre - tapas.ch -","breadcrumb":{"@id":"https:\/\/tapas.ch\/wordpress\/links\/#breadcrumb"},"inLanguage":"de","potentialAction":[{"@type":"ReadAction","target":["https:\/\/tapas.ch\/wordpress\/links\/"]}]},{"@type":"BreadcrumbList","@id":"https:\/\/tapas.ch\/wordpress\/links\/#breadcrumb","itemListElement":[{"@type":"ListItem","position":1,"name":"Startseite","item":"https:\/\/tapas.ch\/wordpress\/"},{"@type":"ListItem","position":2,"name":"Links"}]},{"@type":"WebSite","@id":"https:\/\/tapas.ch\/wordpress\/#website","url":"https:\/\/tapas.ch\/wordpress\/","name":"12 Jahre - tapas.ch","description":"Tapas, Weine und vieles mehr...","publisher":{"@id":"https:\/\/tapas.ch\/wordpress\/#\/schema\/person\/b0716d1316a3dfdfc9d94f5d1c6d4937"},"potentialAction":[{"@type":"SearchAction","target":{"@type":"EntryPoint","urlTemplate":"https:\/\/tapas.ch\/wordpress\/?s={search_term_string}"},"query-input":{"@type":"PropertyValueSpecification","valueRequired":true,"valueName":"search_term_string"}}],"inLanguage":"de"},{"@type":["Person","Organization"],"@id":"https:\/\/tapas.ch\/wordpress\/#\/schema\/person\/b0716d1316a3dfdfc9d94f5d1c6d4937","name":"Rodolfo","image":{"@type":"ImageObject","inLanguage":"de","@id":"https:\/\/tapas.ch\/wordpress\/wp-content\/uploads\/2022\/04\/Trauben-Logo-quardratisch.jpg","url":"https:\/\/tapas.ch\/wordpress\/wp-content\/uploads\/2022\/04\/Trauben-Logo-quardratisch.jpg","contentUrl":"https:\/\/tapas.ch\/wordpress\/wp-content\/uploads\/2022\/04\/Trauben-Logo-quardratisch.jpg","width":500,"height":500,"caption":"Rodolfo"},"logo":{"@id":"https:\/\/tapas.ch\/wordpress\/wp-content\/uploads\/2022\/04\/Trauben-Logo-quardratisch.jpg"}}]}},"_links":{"self":[{"href":"https:\/\/tapas.ch\/wordpress\/wp-json\/wp\/v2\/pages\/1949","targetHints":{"allow":["GET"]}}],"collection":[{"href":"https:\/\/tapas.ch\/wordpress\/wp-json\/wp\/v2\/pages"}],"about":[{"href":"https:\/\/tapas.ch\/wordpress\/wp-json\/wp\/v2\/types\/page"}],"author":[{"embeddable":true,"href":"https:\/\/tapas.ch\/wordpress\/wp-json\/wp\/v2\/users\/1"}],"replies":[{"embeddable":true,"href":"https:\/\/tapas.ch\/wordpress\/wp-json\/wp\/v2\/comments?post=1949"}],"version-history":[{"count":46,"href":"https:\/\/tapas.ch\/wordpress\/wp-json\/wp\/v2\/pages\/1949\/revisions"}],"predecessor-version":[{"id":85016,"href":"https:\/\/tapas.ch\/wordpress\/wp-json\/wp\/v2\/pages\/1949\/revisions\/85016"}],"wp:attachment":[{"href":"https:\/\/tapas.ch\/wordpress\/wp-json\/wp\/v2\/media?parent=1949"}],"curies":[{"name":"wp","href":"https:\/\/api.w.org\/{rel}","templated":true}]}}