
{"id":1871,"date":"2015-07-06T23:22:33","date_gmt":"2015-07-06T21:22:33","guid":{"rendered":"http:\/\/tapas.ch\/wordpress\/?page_id=1871"},"modified":"2023-02-05T23:07:05","modified_gmt":"2023-02-05T22:07:05","slug":"tapas-saucen","status":"publish","type":"page","link":"https:\/\/tapas.ch\/wordpress\/home1\/tapas-saucen\/","title":{"rendered":"Tapas Saucen"},"content":{"rendered":"<div class=\"pt-cv-wrapper\"><div class=\"pt-cv-view pt-cv-grid pt-cv-colsys\" id=\"pt-cv-view-8d78d57d4b\"><div data-id=\"pt-cv-page-1\" class=\"pt-cv-page\" data-cvc=\"4\"><div class=\"col-md-3 col-sm-6 col-xs-12 pt-cv-content-item pt-cv-1-col\" ><div class='pt-cv-ifield'><a href=\"https:\/\/tapas.ch\/wordpress\/picada-catalana\/\" class=\"_blank pt-cv-href-thumbnail pt-cv-thumb-default\" target=\"_blank\" ><img loading=\"lazy\" decoding=\"async\" width=\"194\" height=\"300\" src=\"https:\/\/tapas.ch\/wordpress\/wp-content\/uploads\/2015\/12\/Buch-2-Picada-Catalana-194x300.jpg\" class=\"pt-cv-thumbnail\" alt=\"\" srcset=\"https:\/\/tapas.ch\/wordpress\/wp-content\/uploads\/2015\/12\/Buch-2-Picada-Catalana-194x300.jpg 194w, https:\/\/tapas.ch\/wordpress\/wp-content\/uploads\/2015\/12\/Buch-2-Picada-Catalana-768x1190.jpg 768w, https:\/\/tapas.ch\/wordpress\/wp-content\/uploads\/2015\/12\/Buch-2-Picada-Catalana-661x1024.jpg 661w, https:\/\/tapas.ch\/wordpress\/wp-content\/uploads\/2015\/12\/Buch-2-Picada-Catalana-900x1395.jpg 900w, https:\/\/tapas.ch\/wordpress\/wp-content\/uploads\/2015\/12\/Buch-2-Picada-Catalana.jpg 1602w\" sizes=\"auto, (max-width: 194px) 100vw, 194px\" \/><\/a>\n<h4 class=\"pt-cv-title\"><a href=\"https:\/\/tapas.ch\/wordpress\/picada-catalana\/\" class=\"_blank\" target=\"_blank\" >Picada Catalana<\/a><\/h4>\n<div class=\"pt-cv-content\">(katalanische W\u00fcrzpaste) Zutaten ein paar Safranf\u00e4den 1 Knoblauchzehe 30g Mandelsplitter ...<\/div><\/div><\/div>\n<div class=\"col-md-3 col-sm-6 col-xs-12 pt-cv-content-item pt-cv-1-col\" ><div class='pt-cv-ifield'><a href=\"https:\/\/tapas.ch\/wordpress\/salsa-juvert\/\" class=\"_blank pt-cv-href-thumbnail pt-cv-thumb-default\" target=\"_blank\" ><img loading=\"lazy\" decoding=\"async\" width=\"194\" height=\"300\" src=\"https:\/\/tapas.ch\/wordpress\/wp-content\/uploads\/2015\/12\/Buch-2-Salsa-Juvert-194x300.jpg\" class=\"pt-cv-thumbnail\" alt=\"\" srcset=\"https:\/\/tapas.ch\/wordpress\/wp-content\/uploads\/2015\/12\/Buch-2-Salsa-Juvert-194x300.jpg 194w, https:\/\/tapas.ch\/wordpress\/wp-content\/uploads\/2015\/12\/Buch-2-Salsa-Juvert-768x1190.jpg 768w, https:\/\/tapas.ch\/wordpress\/wp-content\/uploads\/2015\/12\/Buch-2-Salsa-Juvert-661x1024.jpg 661w, https:\/\/tapas.ch\/wordpress\/wp-content\/uploads\/2015\/12\/Buch-2-Salsa-Juvert-900x1394.jpg 900w, https:\/\/tapas.ch\/wordpress\/wp-content\/uploads\/2015\/12\/Buch-2-Salsa-Juvert.jpg 1607w\" sizes=\"auto, (max-width: 194px) 100vw, 194px\" \/><\/a>\n<h4 class=\"pt-cv-title\"><a href=\"https:\/\/tapas.ch\/wordpress\/salsa-juvert\/\" class=\"_blank\" target=\"_blank\" >Salsa Juvert<\/a><\/h4>\n<div class=\"pt-cv-content\">(katalanischer Pesto) Zutaten 25g altes Brot (1 dicke Scheibe) ein ...<\/div><\/div><\/div>\n<div class=\"col-md-3 col-sm-6 col-xs-12 pt-cv-content-item pt-cv-1-col\" ><div class='pt-cv-ifield'><a href=\"https:\/\/tapas.ch\/wordpress\/salsa-aioli\/\" class=\"_blank pt-cv-href-thumbnail pt-cv-thumb-default\" target=\"_blank\" ><img loading=\"lazy\" decoding=\"async\" width=\"195\" height=\"300\" src=\"https:\/\/tapas.ch\/wordpress\/wp-content\/uploads\/2014\/12\/Buch-Aioli-195x300.jpg\" class=\"pt-cv-thumbnail\" alt=\"\" srcset=\"https:\/\/tapas.ch\/wordpress\/wp-content\/uploads\/2014\/12\/Buch-Aioli-195x300.jpg 195w, https:\/\/tapas.ch\/wordpress\/wp-content\/uploads\/2014\/12\/Buch-Aioli-666x1024.jpg 666w, https:\/\/tapas.ch\/wordpress\/wp-content\/uploads\/2014\/12\/Buch-Aioli-900x1383.jpg 900w, https:\/\/tapas.ch\/wordpress\/wp-content\/uploads\/2014\/12\/Buch-Aioli.jpg 1326w\" sizes=\"auto, (max-width: 195px) 100vw, 195px\" \/><\/a>\n<h4 class=\"pt-cv-title\"><a href=\"https:\/\/tapas.ch\/wordpress\/salsa-aioli\/\" class=\"_blank\" target=\"_blank\" >Salsa Aioli<\/a><\/h4>\n<div class=\"pt-cv-content\">(Aioli Sauce) Zutaten 1 Ei 1...2 Knoblauchzehen (mit 2 wird ...<\/div><\/div><\/div>\n<div class=\"col-md-3 col-sm-6 col-xs-12 pt-cv-content-item pt-cv-1-col\" ><div class='pt-cv-ifield'><a href=\"https:\/\/tapas.ch\/wordpress\/almogrote-gomero\/\" class=\"_blank pt-cv-href-thumbnail pt-cv-thumb-default\" target=\"_blank\" ><img loading=\"lazy\" decoding=\"async\" width=\"194\" height=\"300\" src=\"https:\/\/tapas.ch\/wordpress\/wp-content\/uploads\/2014\/12\/Buch-Almogrote-194x300.jpg\" class=\"pt-cv-thumbnail\" alt=\"\" srcset=\"https:\/\/tapas.ch\/wordpress\/wp-content\/uploads\/2014\/12\/Buch-Almogrote-194x300.jpg 194w, https:\/\/tapas.ch\/wordpress\/wp-content\/uploads\/2014\/12\/Buch-Almogrote-664x1024.jpg 664w, https:\/\/tapas.ch\/wordpress\/wp-content\/uploads\/2014\/12\/Buch-Almogrote-900x1388.jpg 900w, https:\/\/tapas.ch\/wordpress\/wp-content\/uploads\/2014\/12\/Buch-Almogrote.jpg 1320w\" sizes=\"auto, (max-width: 194px) 100vw, 194px\" \/><\/a>\n<h4 class=\"pt-cv-title\"><a href=\"https:\/\/tapas.ch\/wordpress\/almogrote-gomero\/\" class=\"_blank\" target=\"_blank\" >Almogrote Gomero<\/a><\/h4>\n<div class=\"pt-cv-content\">(pikante K\u00e4secreme aus Gomera) Zutaten 1 kleine B\u00fcchse gesch\u00e4lte ganze ...<\/div><\/div><\/div>\n<div class=\"col-md-3 col-sm-6 col-xs-12 pt-cv-content-item pt-cv-1-col\" ><div class='pt-cv-ifield'><a href=\"https:\/\/tapas.ch\/wordpress\/sofrito\/\" class=\"_blank pt-cv-href-thumbnail pt-cv-thumb-default\" target=\"_blank\" ><img loading=\"lazy\" decoding=\"async\" width=\"194\" height=\"300\" src=\"https:\/\/tapas.ch\/wordpress\/wp-content\/uploads\/2014\/12\/Buch-Sofrito-194x300.jpg\" class=\"pt-cv-thumbnail\" alt=\"\" srcset=\"https:\/\/tapas.ch\/wordpress\/wp-content\/uploads\/2014\/12\/Buch-Sofrito-194x300.jpg 194w, https:\/\/tapas.ch\/wordpress\/wp-content\/uploads\/2014\/12\/Buch-Sofrito-661x1024.jpg 661w, https:\/\/tapas.ch\/wordpress\/wp-content\/uploads\/2014\/12\/Buch-Sofrito-900x1395.jpg 900w, https:\/\/tapas.ch\/wordpress\/wp-content\/uploads\/2014\/12\/Buch-Sofrito.jpg 1610w\" sizes=\"auto, (max-width: 194px) 100vw, 194px\" \/><\/a>\n<h4 class=\"pt-cv-title\"><a href=\"https:\/\/tapas.ch\/wordpress\/sofrito\/\" class=\"_blank\" target=\"_blank\" >Sofrito<\/a><\/h4>\n<div class=\"pt-cv-content\">(spanische Tomaten-W\u00fcrzsauce) Zutaten 2 grosse Tomaten oder 1 kleine B\u00fcchse ...<\/div><\/div><\/div>\n<div class=\"col-md-3 col-sm-6 col-xs-12 pt-cv-content-item pt-cv-1-col\" ><div class='pt-cv-ifield'><a href=\"https:\/\/tapas.ch\/wordpress\/mojo-rojo\/\" class=\"_blank pt-cv-href-thumbnail pt-cv-thumb-default\" target=\"_blank\" ><img loading=\"lazy\" decoding=\"async\" width=\"196\" height=\"300\" src=\"https:\/\/tapas.ch\/wordpress\/wp-content\/uploads\/2014\/12\/Buch-Mojo-rojo-196x300.jpg\" class=\"pt-cv-thumbnail\" alt=\"\" srcset=\"https:\/\/tapas.ch\/wordpress\/wp-content\/uploads\/2014\/12\/Buch-Mojo-rojo-196x300.jpg 196w, https:\/\/tapas.ch\/wordpress\/wp-content\/uploads\/2014\/12\/Buch-Mojo-rojo-669x1024.jpg 669w, https:\/\/tapas.ch\/wordpress\/wp-content\/uploads\/2014\/12\/Buch-Mojo-rojo-900x1378.jpg 900w, https:\/\/tapas.ch\/wordpress\/wp-content\/uploads\/2014\/12\/Buch-Mojo-rojo.jpg 1260w\" sizes=\"auto, (max-width: 196px) 100vw, 196px\" \/><\/a>\n<h4 class=\"pt-cv-title\"><a href=\"https:\/\/tapas.ch\/wordpress\/mojo-rojo\/\" class=\"_blank\" target=\"_blank\" >Mojo rojo<\/a><\/h4>\n<div class=\"pt-cv-content\">(rote kanarische Sauce) Zutaten: 1 rote Peperoni 2 reife Tomaten ...<\/div><\/div><\/div>\n<div class=\"col-md-3 col-sm-6 col-xs-12 pt-cv-content-item pt-cv-1-col\" ><div class='pt-cv-ifield'><a href=\"https:\/\/tapas.ch\/wordpress\/mojo-verde\/\" class=\"_blank pt-cv-href-thumbnail pt-cv-thumb-default\" target=\"_blank\" ><img loading=\"lazy\" decoding=\"async\" width=\"194\" height=\"300\" src=\"https:\/\/tapas.ch\/wordpress\/wp-content\/uploads\/2014\/12\/Buch-Mojo-verde-194x300.jpg\" class=\"pt-cv-thumbnail\" alt=\"\" srcset=\"https:\/\/tapas.ch\/wordpress\/wp-content\/uploads\/2014\/12\/Buch-Mojo-verde-194x300.jpg 194w, https:\/\/tapas.ch\/wordpress\/wp-content\/uploads\/2014\/12\/Buch-Mojo-verde-661x1024.jpg 661w, https:\/\/tapas.ch\/wordpress\/wp-content\/uploads\/2014\/12\/Buch-Mojo-verde-900x1395.jpg 900w, https:\/\/tapas.ch\/wordpress\/wp-content\/uploads\/2014\/12\/Buch-Mojo-verde.jpg 1474w\" sizes=\"auto, (max-width: 194px) 100vw, 194px\" \/><\/a>\n<h4 class=\"pt-cv-title\"><a href=\"https:\/\/tapas.ch\/wordpress\/mojo-verde\/\" class=\"_blank\" target=\"_blank\" >Mojo verde<\/a><\/h4>\n<div class=\"pt-cv-content\">(gr\u00fcne kanarische Sauce) Zutaten \u00bd Bund frischer Koriander \u00bd Bund ...<\/div><\/div><\/div>\n<div class=\"col-md-3 col-sm-6 col-xs-12 pt-cv-content-item pt-cv-1-col\" ><div class='pt-cv-ifield'><a href=\"https:\/\/tapas.ch\/wordpress\/salsa-romesco\/\" class=\"_blank pt-cv-href-thumbnail pt-cv-thumb-default\" target=\"_blank\" ><img loading=\"lazy\" decoding=\"async\" width=\"194\" height=\"300\" src=\"https:\/\/tapas.ch\/wordpress\/wp-content\/uploads\/2015\/03\/Buch-2-Romesco-salsa-194x300.jpg\" class=\"pt-cv-thumbnail\" alt=\"\" srcset=\"https:\/\/tapas.ch\/wordpress\/wp-content\/uploads\/2015\/03\/Buch-2-Romesco-salsa-194x300.jpg 194w, https:\/\/tapas.ch\/wordpress\/wp-content\/uploads\/2015\/03\/Buch-2-Romesco-salsa-662x1024.jpg 662w, https:\/\/tapas.ch\/wordpress\/wp-content\/uploads\/2015\/03\/Buch-2-Romesco-salsa-900x1392.jpg 900w, https:\/\/tapas.ch\/wordpress\/wp-content\/uploads\/2015\/03\/Buch-2-Romesco-salsa.jpg 1579w\" sizes=\"auto, (max-width: 194px) 100vw, 194px\" \/><\/a>\n<h4 class=\"pt-cv-title\"><a href=\"https:\/\/tapas.ch\/wordpress\/salsa-romesco\/\" class=\"_blank\" target=\"_blank\" >Salsa Romesco<\/a><\/h4>\n<div class=\"pt-cv-content\">Zutaten 30g Mandelstifte 30g gemahlene Haseln\u00fcsse 1 Knoblauchzehe 1 Scheibe ...<\/div><\/div><\/div><\/div><\/div><\/div>\n","protected":false},"excerpt":{"rendered":"","protected":false},"author":1,"featured_media":0,"parent":233,"menu_order":0,"comment_status":"closed","ping_status":"closed","template":"","meta":{"episode_type":"","audio_file":"","podmotor_file_id":"","podmotor_episode_id":"","cover_image":"","cover_image_id":"","duration":"","filesize":"","filesize_raw":"","date_recorded":"","explicit":"","block":"","itunes_episode_number":"","itunes_title":"","itunes_season_number":"","itunes_episode_type":"","footnotes":""},"class_list":["post-1871","page","type-page","status-publish","hentry"],"yoast_head":"<!-- This site is optimized with the Yoast SEO plugin v27.2 - https:\/\/yoast.com\/product\/yoast-seo-wordpress\/ -->\n<title>Tapas Saucen - 12 Jahre - tapas.ch<\/title>\n<meta name=\"description\" content=\"Tapas Saucen - 12 Jahre - tapas.ch -\" \/>\n<meta name=\"robots\" content=\"index, follow, max-snippet:-1, max-image-preview:large, max-video-preview:-1\" \/>\n<link rel=\"canonical\" href=\"https:\/\/tapas.ch\/wordpress\/home1\/tapas-saucen\/\" \/>\n<meta property=\"og:locale\" content=\"de_DE\" \/>\n<meta property=\"og:type\" content=\"article\" \/>\n<meta property=\"og:title\" content=\"Tapas Saucen - 12 Jahre - tapas.ch\" \/>\n<meta property=\"og:description\" content=\"Tapas Saucen - 12 Jahre - tapas.ch -\" \/>\n<meta property=\"og:url\" content=\"https:\/\/tapas.ch\/wordpress\/home1\/tapas-saucen\/\" \/>\n<meta property=\"og:site_name\" content=\"12 Jahre - tapas.ch\" \/>\n<meta property=\"article:modified_time\" content=\"2023-02-05T22:07:05+00:00\" \/>\n<meta name=\"twitter:card\" content=\"summary_large_image\" \/>\n<meta name=\"twitter:label1\" content=\"Gesch\u00e4tzte Lesezeit\" \/>\n\t<meta name=\"twitter:data1\" content=\"1\u00a0Minute\" \/>\n<script type=\"application\/ld+json\" class=\"yoast-schema-graph\">{\"@context\":\"https:\/\/schema.org\",\"@graph\":[{\"@type\":\"WebPage\",\"@id\":\"https:\/\/tapas.ch\/wordpress\/home1\/tapas-saucen\/\",\"url\":\"https:\/\/tapas.ch\/wordpress\/home1\/tapas-saucen\/\",\"name\":\"Tapas Saucen - 12 Jahre - tapas.ch\",\"isPartOf\":{\"@id\":\"https:\/\/tapas.ch\/wordpress\/#website\"},\"datePublished\":\"2015-07-06T21:22:33+00:00\",\"dateModified\":\"2023-02-05T22:07:05+00:00\",\"description\":\"Tapas Saucen - 12 Jahre - tapas.ch -\",\"breadcrumb\":{\"@id\":\"https:\/\/tapas.ch\/wordpress\/home1\/tapas-saucen\/#breadcrumb\"},\"inLanguage\":\"de\",\"potentialAction\":[{\"@type\":\"ReadAction\",\"target\":[\"https:\/\/tapas.ch\/wordpress\/home1\/tapas-saucen\/\"]}]},{\"@type\":\"BreadcrumbList\",\"@id\":\"https:\/\/tapas.ch\/wordpress\/home1\/tapas-saucen\/#breadcrumb\",\"itemListElement\":[{\"@type\":\"ListItem\",\"position\":1,\"name\":\"Startseite\",\"item\":\"https:\/\/tapas.ch\/wordpress\/\"},{\"@type\":\"ListItem\",\"position\":2,\"name\":\"Tapas\",\"item\":\"https:\/\/tapas.ch\/wordpress\/\"},{\"@type\":\"ListItem\",\"position\":3,\"name\":\"Tapas Saucen\"}]},{\"@type\":\"WebSite\",\"@id\":\"https:\/\/tapas.ch\/wordpress\/#website\",\"url\":\"https:\/\/tapas.ch\/wordpress\/\",\"name\":\"12 Jahre - tapas.ch\",\"description\":\"Tapas, Weine und vieles mehr...\",\"publisher\":{\"@id\":\"https:\/\/tapas.ch\/wordpress\/#\/schema\/person\/b0716d1316a3dfdfc9d94f5d1c6d4937\"},\"potentialAction\":[{\"@type\":\"SearchAction\",\"target\":{\"@type\":\"EntryPoint\",\"urlTemplate\":\"https:\/\/tapas.ch\/wordpress\/?s={search_term_string}\"},\"query-input\":{\"@type\":\"PropertyValueSpecification\",\"valueRequired\":true,\"valueName\":\"search_term_string\"}}],\"inLanguage\":\"de\"},{\"@type\":[\"Person\",\"Organization\"],\"@id\":\"https:\/\/tapas.ch\/wordpress\/#\/schema\/person\/b0716d1316a3dfdfc9d94f5d1c6d4937\",\"name\":\"Rodolfo\",\"image\":{\"@type\":\"ImageObject\",\"inLanguage\":\"de\",\"@id\":\"https:\/\/tapas.ch\/wordpress\/wp-content\/uploads\/2022\/04\/Trauben-Logo-quardratisch.jpg\",\"url\":\"https:\/\/tapas.ch\/wordpress\/wp-content\/uploads\/2022\/04\/Trauben-Logo-quardratisch.jpg\",\"contentUrl\":\"https:\/\/tapas.ch\/wordpress\/wp-content\/uploads\/2022\/04\/Trauben-Logo-quardratisch.jpg\",\"width\":500,\"height\":500,\"caption\":\"Rodolfo\"},\"logo\":{\"@id\":\"https:\/\/tapas.ch\/wordpress\/wp-content\/uploads\/2022\/04\/Trauben-Logo-quardratisch.jpg\"}}]}<\/script>\n<!-- \/ Yoast SEO plugin. -->","yoast_head_json":{"title":"Tapas Saucen - 12 Jahre - tapas.ch","description":"Tapas Saucen - 12 Jahre - tapas.ch -","robots":{"index":"index","follow":"follow","max-snippet":"max-snippet:-1","max-image-preview":"max-image-preview:large","max-video-preview":"max-video-preview:-1"},"canonical":"https:\/\/tapas.ch\/wordpress\/home1\/tapas-saucen\/","og_locale":"de_DE","og_type":"article","og_title":"Tapas Saucen - 12 Jahre - tapas.ch","og_description":"Tapas Saucen - 12 Jahre - tapas.ch -","og_url":"https:\/\/tapas.ch\/wordpress\/home1\/tapas-saucen\/","og_site_name":"12 Jahre - tapas.ch","article_modified_time":"2023-02-05T22:07:05+00:00","twitter_card":"summary_large_image","twitter_misc":{"Gesch\u00e4tzte Lesezeit":"1\u00a0Minute"},"schema":{"@context":"https:\/\/schema.org","@graph":[{"@type":"WebPage","@id":"https:\/\/tapas.ch\/wordpress\/home1\/tapas-saucen\/","url":"https:\/\/tapas.ch\/wordpress\/home1\/tapas-saucen\/","name":"Tapas Saucen - 12 Jahre - tapas.ch","isPartOf":{"@id":"https:\/\/tapas.ch\/wordpress\/#website"},"datePublished":"2015-07-06T21:22:33+00:00","dateModified":"2023-02-05T22:07:05+00:00","description":"Tapas Saucen - 12 Jahre - tapas.ch -","breadcrumb":{"@id":"https:\/\/tapas.ch\/wordpress\/home1\/tapas-saucen\/#breadcrumb"},"inLanguage":"de","potentialAction":[{"@type":"ReadAction","target":["https:\/\/tapas.ch\/wordpress\/home1\/tapas-saucen\/"]}]},{"@type":"BreadcrumbList","@id":"https:\/\/tapas.ch\/wordpress\/home1\/tapas-saucen\/#breadcrumb","itemListElement":[{"@type":"ListItem","position":1,"name":"Startseite","item":"https:\/\/tapas.ch\/wordpress\/"},{"@type":"ListItem","position":2,"name":"Tapas","item":"https:\/\/tapas.ch\/wordpress\/"},{"@type":"ListItem","position":3,"name":"Tapas Saucen"}]},{"@type":"WebSite","@id":"https:\/\/tapas.ch\/wordpress\/#website","url":"https:\/\/tapas.ch\/wordpress\/","name":"12 Jahre - tapas.ch","description":"Tapas, Weine und vieles mehr...","publisher":{"@id":"https:\/\/tapas.ch\/wordpress\/#\/schema\/person\/b0716d1316a3dfdfc9d94f5d1c6d4937"},"potentialAction":[{"@type":"SearchAction","target":{"@type":"EntryPoint","urlTemplate":"https:\/\/tapas.ch\/wordpress\/?s={search_term_string}"},"query-input":{"@type":"PropertyValueSpecification","valueRequired":true,"valueName":"search_term_string"}}],"inLanguage":"de"},{"@type":["Person","Organization"],"@id":"https:\/\/tapas.ch\/wordpress\/#\/schema\/person\/b0716d1316a3dfdfc9d94f5d1c6d4937","name":"Rodolfo","image":{"@type":"ImageObject","inLanguage":"de","@id":"https:\/\/tapas.ch\/wordpress\/wp-content\/uploads\/2022\/04\/Trauben-Logo-quardratisch.jpg","url":"https:\/\/tapas.ch\/wordpress\/wp-content\/uploads\/2022\/04\/Trauben-Logo-quardratisch.jpg","contentUrl":"https:\/\/tapas.ch\/wordpress\/wp-content\/uploads\/2022\/04\/Trauben-Logo-quardratisch.jpg","width":500,"height":500,"caption":"Rodolfo"},"logo":{"@id":"https:\/\/tapas.ch\/wordpress\/wp-content\/uploads\/2022\/04\/Trauben-Logo-quardratisch.jpg"}}]}},"_links":{"self":[{"href":"https:\/\/tapas.ch\/wordpress\/wp-json\/wp\/v2\/pages\/1871","targetHints":{"allow":["GET"]}}],"collection":[{"href":"https:\/\/tapas.ch\/wordpress\/wp-json\/wp\/v2\/pages"}],"about":[{"href":"https:\/\/tapas.ch\/wordpress\/wp-json\/wp\/v2\/types\/page"}],"author":[{"embeddable":true,"href":"https:\/\/tapas.ch\/wordpress\/wp-json\/wp\/v2\/users\/1"}],"replies":[{"embeddable":true,"href":"https:\/\/tapas.ch\/wordpress\/wp-json\/wp\/v2\/comments?post=1871"}],"version-history":[{"count":2,"href":"https:\/\/tapas.ch\/wordpress\/wp-json\/wp\/v2\/pages\/1871\/revisions"}],"predecessor-version":[{"id":2761,"href":"https:\/\/tapas.ch\/wordpress\/wp-json\/wp\/v2\/pages\/1871\/revisions\/2761"}],"up":[{"embeddable":true,"href":"https:\/\/tapas.ch\/wordpress\/wp-json\/wp\/v2\/pages\/233"}],"wp:attachment":[{"href":"https:\/\/tapas.ch\/wordpress\/wp-json\/wp\/v2\/media?parent=1871"}],"curies":[{"name":"wp","href":"https:\/\/api.w.org\/{rel}","templated":true}]}}