
{"id":14966,"date":"2022-07-03T21:25:08","date_gmt":"2022-07-03T19:25:08","guid":{"rendered":"https:\/\/tapas.ch\/wordpress\/?page_id=14966"},"modified":"2023-02-05T23:25:05","modified_gmt":"2023-02-05T22:25:05","slug":"downloads","status":"publish","type":"page","link":"https:\/\/tapas.ch\/wordpress\/downloads\/","title":{"rendered":"Downloads"},"content":{"rendered":"\n<p>Hier biete ich Dir meine Vorlagen an, die bei der Weindegustation bzw. dem Inventarisieren von Wein hilfreich sind.<\/p>\n\n\n\n<div style=\"height:24px\" aria-hidden=\"true\" class=\"wp-block-spacer\"><\/div>\n\n\n\n<p><strong>Mein eigenes Weindegu-Vorlagenblatt nach <a href=\"https:\/\/www.wsetglobal.com\/de\/german-qualifications\/\" target=\"_blank\" rel=\"noreferrer noopener\">WSET<\/a><\/strong><\/p>\n\n\n\n<div class=\"wp-block-group\"><div class=\"wp-block-group__inner-container is-layout-flow wp-block-group-is-layout-flow\">\n<ul class=\"wp-block-list\">\n<li>Die Oberkategorien sind Auge \u2013 Nase \u2013 Gaumen.<\/li>\n\n\n\n<li>Darunter kommen jeweils 4\u20268 Unterkriterien.<\/li>\n\n\n\n<li>Und jedes Kriterium wird entweder mit einem Adjektiv oder mit einer 3\u20265-stufigen Bewertung versehen. Pro Kriterium soll man sich auf eine (einzige) Angabe beschr\u00e4nken und kreuzt sie an.<\/li>\n\n\n\n<li>Beim Beurteilen der Aromen kreuzt man unten min. 5 Geruchsaromen und min. 3 Geschmacksaromen an.<\/li>\n\n\n\n<li>Schliesslich beurteilt man die Qualit\u00e4t des Weins im Gesamten nach dem BLIK-Schema. Es werden pro Eigenschaft zwischen 0&#8230;1 Punkte vergeben.\n<ul class=\"wp-block-list\">\n<li>B = Balance (Ausgeglichenheit) zwischen Frucht\/Zucker bzw. S\u00e4ure\/Tannin. Ist die Intensit\u00e4t zwischen Nase und Gaumen ausgeglichen? Wirkt der Wein generell ausgeglichen?<\/li>\n\n\n\n<li>L = L\u00e4nge (auch Abgang genannt). Wie lange bleibt das Aroma im Gaumen erhalten? Generell gilt: &lt;5s=kurz, 5\u202610s = mittel, &gt;10s = lang<\/li>\n\n\n\n<li>I = Intensit\u00e4t. Damit ist die unmittelbar erfahrene Konzentration der Aromen in der Nase bzw. dem Gaumen gemeint. Riecht man die Aromen bereits bevor man die Nase direkt am Glas hat, ist sie ausgepr\u00e4gt. Riecht man sie am Glasrand, ist sie mittel. Und riecht man sie erst, wenn man die Nase tief ins Glas steckt, ist sie verhalten. Im Gaumen ist die Unterscheidung etwas subjektiver (zart &#8211; mittel &#8211; ausgepr\u00e4gt).<\/li>\n\n\n\n<li>K = Komplexit\u00e4t. Damit ist die Aromenvielfalt gemeint. Grunds\u00e4tzlich gilt: je mehr Aromen ich angekreuzt habe, desto besser ist die Komplexit\u00e4t. Wichtig dabei ist aber auch die Qualit\u00e4t und Reinheit der Aromen.<\/li>\n\n\n\n<li>Die Punkte-Summe der 4 Kriterien ergibt eine Zahl zwischen 0&#8230;4. Die Weinqualit\u00e4t wird dann wie folgt definiert: schwach (0) &#8211; durchschnittlich (1) &#8211; gut (2)&nbsp; &#8211; sehr gut (3) &#8211; hervorragend (4). Es wird mathematisch  ab- bzw. aufgerundet.<\/li>\n<\/ul>\n<\/li>\n<\/ul>\n\n\n\n<p><\/p>\n<\/div><\/div>\n\n\n\n<div data-wp-interactive=\"core\/file\" class=\"wp-block-file\"><object data-wp-bind--hidden=\"!state.hasPdfPreview\" hidden class=\"wp-block-file__embed\" data=\"https:\/\/tapas.ch\/wordpress\/wp-content\/uploads\/2023\/02\/Weindegu.pdf\" type=\"application\/pdf\" style=\"width:100%;height:600px\" aria-label=\"Einbettung von Weindegu.\"><\/object><a id=\"wp-block-file--media-3601a137-128c-4dd5-a70e-da54bc6d357c\" href=\"https:\/\/tapas.ch\/wordpress\/wp-content\/uploads\/2023\/02\/Weindegu.pdf\">Weindegu<\/a><a href=\"https:\/\/tapas.ch\/wordpress\/wp-content\/uploads\/2023\/02\/Weindegu.pdf\" class=\"wp-block-file__button wp-element-button\" download aria-describedby=\"wp-block-file--media-3601a137-128c-4dd5-a70e-da54bc6d357c\">Herunterladen<\/a><\/div>\n\n\n\n<div style=\"height:71px\" aria-hidden=\"true\" class=\"wp-block-spacer\"><\/div>\n\n\n\n<p><strong>Wein inventarisieren mit Excel<\/strong><\/p>\n\n\n\n<p>Mein Excel File beinhaltet folgende Bl\u00e4tter:<\/p>\n\n\n\n<div class=\"wp-block-group\"><div class=\"wp-block-group__inner-container is-layout-flow wp-block-group-is-layout-flow\">\n<ul class=\"wp-block-list\">\n<li>Das Hauptblatt &#8222;Weinkeller&#8220;. Hier gibt man jeden neuen Wein mit allen Angaben ein.<\/li>\n\n\n\n<li>Das Hilfsblatt der Weinregionen (muss erg\u00e4nzt werden, wenn neue Regionen aufgenommen werden)<\/li>\n\n\n\n<li>Die Vinum Trinkreifetabelle nach Weinregion und Jahrgang (muss j\u00e4hrlich erg\u00e4nzt werden)<\/li>\n\n\n\n<li>Hilfstabelle f\u00fcr diverse Dropdown Menus<\/li>\n\n\n\n<li>Eine Kurzerkl\u00e4rung<\/li>\n<\/ul>\n\n\n\n<p>Im Hauptblatt werden automatisch folgende Angaben farblich unterlegt:<\/p>\n\n\n\n<ul class=\"wp-block-list\">\n<li>Qualit\u00e4t (aus der Vinum Trinkreifetabelle), gr\u00fcn = sehr gut, rot = m\u00e4ssig<\/li>\n\n\n\n<li>Preis, gr\u00fcn = preisg\u00fcnstig, rot = teuer<\/li>\n\n\n\n<li>Trinkreife (ideales Genussjahr, bzw. roter Alarm, wenn der Wein \u00fcberf\u00e4llig ist). Ich ermittle jeweils aus den Webseiten der H\u00e4ndler die mittlere ideale Lagerzeit und trage sie ein.<\/li>\n<\/ul>\n\n\n\n<p>Die 3 farbigen Kolonnen G, I und L sind Resultate und sollen nicht eingegeben\/editiert werden!<\/p>\n\n\n\n<p><\/p>\n<\/div><\/div>\n\n\n\n<figure class=\"wp-block-image size-large\"><a href=\"https:\/\/tapas.ch\/wordpress\/wp-content\/uploads\/2022\/07\/Wein-Excel-2.jpg\" target=\"_blank\" rel=\"noreferrer noopener\"><img loading=\"lazy\" decoding=\"async\" width=\"1024\" height=\"576\" src=\"https:\/\/tapas.ch\/wordpress\/wp-content\/uploads\/2022\/07\/Wein-Excel-2-1024x576.jpg\" alt=\"\" class=\"wp-image-14978\" srcset=\"https:\/\/tapas.ch\/wordpress\/wp-content\/uploads\/2022\/07\/Wein-Excel-2-1024x576.jpg 1024w, https:\/\/tapas.ch\/wordpress\/wp-content\/uploads\/2022\/07\/Wein-Excel-2-300x169.jpg 300w, https:\/\/tapas.ch\/wordpress\/wp-content\/uploads\/2022\/07\/Wein-Excel-2-768x432.jpg 768w, https:\/\/tapas.ch\/wordpress\/wp-content\/uploads\/2022\/07\/Wein-Excel-2-1536x864.jpg 1536w, https:\/\/tapas.ch\/wordpress\/wp-content\/uploads\/2022\/07\/Wein-Excel-2.jpg 1600w\" sizes=\"auto, (max-width: 1024px) 100vw, 1024px\" \/><\/a><\/figure>\n\n\n\n<div class=\"wp-block-buttons is-layout-flex wp-block-buttons-is-layout-flex\">\n<div class=\"wp-block-button\"><a class=\"wp-block-button__link wp-element-button\" href=\"https:\/\/tapas.ch\/wordpress\/wp-content\/uploads\/2022\/04\/Weinliste-Vorlage.xlsx\" target=\"_blank\" rel=\"noreferrer noopener\">Herunterladen<\/a><\/div>\n<\/div>\n\n\n\n<p><\/p>\n\n\n\n<p><\/p>\n\n\n\n<p><\/p>\n\n\n\n<p><\/p>\n","protected":false},"excerpt":{"rendered":"<p>Hier biete ich Dir meine Vorlagen an, die bei der Weindegustation bzw. dem Inventarisieren von Wein hilfreich sind. Mein eigenes Weindegu-Vorlagenblatt nach WSET Wein inventarisieren mit Excel Mein Excel File<span class=\"more-button\"><a href=\"https:\/\/tapas.ch\/wordpress\/downloads\/\" class=\"more-link\">Weiterlesen &#8230;<span class=\"screen-reader-text\">Downloads<\/span><\/a><\/span><\/p>\n","protected":false},"author":1,"featured_media":0,"parent":0,"menu_order":0,"comment_status":"closed","ping_status":"closed","template":"","meta":{"episode_type":"","audio_file":"","podmotor_file_id":"","podmotor_episode_id":"","cover_image":"","cover_image_id":"","duration":"","filesize":"","filesize_raw":"","date_recorded":"","explicit":"","block":"","itunes_episode_number":"","itunes_title":"","itunes_season_number":"","itunes_episode_type":"","footnotes":""},"class_list":["post-14966","page","type-page","status-publish","hentry"],"yoast_head":"<!-- This site is optimized with the Yoast SEO plugin v27.2 - https:\/\/yoast.com\/product\/yoast-seo-wordpress\/ -->\n<title>Downloads - 12 Jahre - tapas.ch<\/title>\n<meta name=\"description\" content=\"Downloads - 12 Jahre - tapas.ch -\" \/>\n<meta name=\"robots\" content=\"index, follow, max-snippet:-1, max-image-preview:large, max-video-preview:-1\" \/>\n<link rel=\"canonical\" href=\"https:\/\/tapas.ch\/wordpress\/downloads\/\" \/>\n<meta property=\"og:locale\" content=\"de_DE\" \/>\n<meta property=\"og:type\" content=\"article\" \/>\n<meta property=\"og:title\" content=\"Downloads - 12 Jahre - tapas.ch\" \/>\n<meta property=\"og:description\" content=\"Downloads - 12 Jahre - tapas.ch -\" \/>\n<meta property=\"og:url\" content=\"https:\/\/tapas.ch\/wordpress\/downloads\/\" \/>\n<meta property=\"og:site_name\" content=\"12 Jahre - tapas.ch\" \/>\n<meta property=\"article:modified_time\" content=\"2023-02-05T22:25:05+00:00\" \/>\n<meta property=\"og:image\" content=\"https:\/\/tapas.ch\/wordpress\/wp-content\/uploads\/2022\/07\/Wein-Excel-2-1024x576.jpg\" \/>\n<meta name=\"twitter:card\" content=\"summary_large_image\" \/>\n<meta name=\"twitter:label1\" content=\"Gesch\u00e4tzte Lesezeit\" \/>\n\t<meta name=\"twitter:data1\" content=\"3\u00a0Minuten\" \/>\n<script type=\"application\/ld+json\" class=\"yoast-schema-graph\">{\"@context\":\"https:\/\/schema.org\",\"@graph\":[{\"@type\":\"WebPage\",\"@id\":\"https:\/\/tapas.ch\/wordpress\/downloads\/\",\"url\":\"https:\/\/tapas.ch\/wordpress\/downloads\/\",\"name\":\"Downloads - 12 Jahre - tapas.ch\",\"isPartOf\":{\"@id\":\"https:\/\/tapas.ch\/wordpress\/#website\"},\"primaryImageOfPage\":{\"@id\":\"https:\/\/tapas.ch\/wordpress\/downloads\/#primaryimage\"},\"image\":{\"@id\":\"https:\/\/tapas.ch\/wordpress\/downloads\/#primaryimage\"},\"thumbnailUrl\":\"https:\/\/tapas.ch\/wordpress\/wp-content\/uploads\/2022\/07\/Wein-Excel-2-1024x576.jpg\",\"datePublished\":\"2022-07-03T19:25:08+00:00\",\"dateModified\":\"2023-02-05T22:25:05+00:00\",\"description\":\"Downloads - 12 Jahre - tapas.ch -\",\"breadcrumb\":{\"@id\":\"https:\/\/tapas.ch\/wordpress\/downloads\/#breadcrumb\"},\"inLanguage\":\"de\",\"potentialAction\":[{\"@type\":\"ReadAction\",\"target\":[\"https:\/\/tapas.ch\/wordpress\/downloads\/\"]}]},{\"@type\":\"ImageObject\",\"inLanguage\":\"de\",\"@id\":\"https:\/\/tapas.ch\/wordpress\/downloads\/#primaryimage\",\"url\":\"https:\/\/tapas.ch\/wordpress\/wp-content\/uploads\/2022\/07\/Wein-Excel-2.jpg\",\"contentUrl\":\"https:\/\/tapas.ch\/wordpress\/wp-content\/uploads\/2022\/07\/Wein-Excel-2.jpg\",\"width\":1600,\"height\":900},{\"@type\":\"BreadcrumbList\",\"@id\":\"https:\/\/tapas.ch\/wordpress\/downloads\/#breadcrumb\",\"itemListElement\":[{\"@type\":\"ListItem\",\"position\":1,\"name\":\"Startseite\",\"item\":\"https:\/\/tapas.ch\/wordpress\/\"},{\"@type\":\"ListItem\",\"position\":2,\"name\":\"Downloads\"}]},{\"@type\":\"WebSite\",\"@id\":\"https:\/\/tapas.ch\/wordpress\/#website\",\"url\":\"https:\/\/tapas.ch\/wordpress\/\",\"name\":\"12 Jahre - tapas.ch\",\"description\":\"Tapas, Weine und vieles mehr...\",\"publisher\":{\"@id\":\"https:\/\/tapas.ch\/wordpress\/#\/schema\/person\/b0716d1316a3dfdfc9d94f5d1c6d4937\"},\"potentialAction\":[{\"@type\":\"SearchAction\",\"target\":{\"@type\":\"EntryPoint\",\"urlTemplate\":\"https:\/\/tapas.ch\/wordpress\/?s={search_term_string}\"},\"query-input\":{\"@type\":\"PropertyValueSpecification\",\"valueRequired\":true,\"valueName\":\"search_term_string\"}}],\"inLanguage\":\"de\"},{\"@type\":[\"Person\",\"Organization\"],\"@id\":\"https:\/\/tapas.ch\/wordpress\/#\/schema\/person\/b0716d1316a3dfdfc9d94f5d1c6d4937\",\"name\":\"Rodolfo\",\"image\":{\"@type\":\"ImageObject\",\"inLanguage\":\"de\",\"@id\":\"https:\/\/tapas.ch\/wordpress\/wp-content\/uploads\/2022\/04\/Trauben-Logo-quardratisch.jpg\",\"url\":\"https:\/\/tapas.ch\/wordpress\/wp-content\/uploads\/2022\/04\/Trauben-Logo-quardratisch.jpg\",\"contentUrl\":\"https:\/\/tapas.ch\/wordpress\/wp-content\/uploads\/2022\/04\/Trauben-Logo-quardratisch.jpg\",\"width\":500,\"height\":500,\"caption\":\"Rodolfo\"},\"logo\":{\"@id\":\"https:\/\/tapas.ch\/wordpress\/wp-content\/uploads\/2022\/04\/Trauben-Logo-quardratisch.jpg\"}}]}<\/script>\n<!-- \/ Yoast SEO plugin. -->","yoast_head_json":{"title":"Downloads - 12 Jahre - tapas.ch","description":"Downloads - 12 Jahre - tapas.ch -","robots":{"index":"index","follow":"follow","max-snippet":"max-snippet:-1","max-image-preview":"max-image-preview:large","max-video-preview":"max-video-preview:-1"},"canonical":"https:\/\/tapas.ch\/wordpress\/downloads\/","og_locale":"de_DE","og_type":"article","og_title":"Downloads - 12 Jahre - tapas.ch","og_description":"Downloads - 12 Jahre - tapas.ch -","og_url":"https:\/\/tapas.ch\/wordpress\/downloads\/","og_site_name":"12 Jahre - tapas.ch","article_modified_time":"2023-02-05T22:25:05+00:00","og_image":[{"url":"https:\/\/tapas.ch\/wordpress\/wp-content\/uploads\/2022\/07\/Wein-Excel-2-1024x576.jpg","type":"","width":"","height":""}],"twitter_card":"summary_large_image","twitter_misc":{"Gesch\u00e4tzte Lesezeit":"3\u00a0Minuten"},"schema":{"@context":"https:\/\/schema.org","@graph":[{"@type":"WebPage","@id":"https:\/\/tapas.ch\/wordpress\/downloads\/","url":"https:\/\/tapas.ch\/wordpress\/downloads\/","name":"Downloads - 12 Jahre - tapas.ch","isPartOf":{"@id":"https:\/\/tapas.ch\/wordpress\/#website"},"primaryImageOfPage":{"@id":"https:\/\/tapas.ch\/wordpress\/downloads\/#primaryimage"},"image":{"@id":"https:\/\/tapas.ch\/wordpress\/downloads\/#primaryimage"},"thumbnailUrl":"https:\/\/tapas.ch\/wordpress\/wp-content\/uploads\/2022\/07\/Wein-Excel-2-1024x576.jpg","datePublished":"2022-07-03T19:25:08+00:00","dateModified":"2023-02-05T22:25:05+00:00","description":"Downloads - 12 Jahre - tapas.ch -","breadcrumb":{"@id":"https:\/\/tapas.ch\/wordpress\/downloads\/#breadcrumb"},"inLanguage":"de","potentialAction":[{"@type":"ReadAction","target":["https:\/\/tapas.ch\/wordpress\/downloads\/"]}]},{"@type":"ImageObject","inLanguage":"de","@id":"https:\/\/tapas.ch\/wordpress\/downloads\/#primaryimage","url":"https:\/\/tapas.ch\/wordpress\/wp-content\/uploads\/2022\/07\/Wein-Excel-2.jpg","contentUrl":"https:\/\/tapas.ch\/wordpress\/wp-content\/uploads\/2022\/07\/Wein-Excel-2.jpg","width":1600,"height":900},{"@type":"BreadcrumbList","@id":"https:\/\/tapas.ch\/wordpress\/downloads\/#breadcrumb","itemListElement":[{"@type":"ListItem","position":1,"name":"Startseite","item":"https:\/\/tapas.ch\/wordpress\/"},{"@type":"ListItem","position":2,"name":"Downloads"}]},{"@type":"WebSite","@id":"https:\/\/tapas.ch\/wordpress\/#website","url":"https:\/\/tapas.ch\/wordpress\/","name":"12 Jahre - tapas.ch","description":"Tapas, Weine und vieles mehr...","publisher":{"@id":"https:\/\/tapas.ch\/wordpress\/#\/schema\/person\/b0716d1316a3dfdfc9d94f5d1c6d4937"},"potentialAction":[{"@type":"SearchAction","target":{"@type":"EntryPoint","urlTemplate":"https:\/\/tapas.ch\/wordpress\/?s={search_term_string}"},"query-input":{"@type":"PropertyValueSpecification","valueRequired":true,"valueName":"search_term_string"}}],"inLanguage":"de"},{"@type":["Person","Organization"],"@id":"https:\/\/tapas.ch\/wordpress\/#\/schema\/person\/b0716d1316a3dfdfc9d94f5d1c6d4937","name":"Rodolfo","image":{"@type":"ImageObject","inLanguage":"de","@id":"https:\/\/tapas.ch\/wordpress\/wp-content\/uploads\/2022\/04\/Trauben-Logo-quardratisch.jpg","url":"https:\/\/tapas.ch\/wordpress\/wp-content\/uploads\/2022\/04\/Trauben-Logo-quardratisch.jpg","contentUrl":"https:\/\/tapas.ch\/wordpress\/wp-content\/uploads\/2022\/04\/Trauben-Logo-quardratisch.jpg","width":500,"height":500,"caption":"Rodolfo"},"logo":{"@id":"https:\/\/tapas.ch\/wordpress\/wp-content\/uploads\/2022\/04\/Trauben-Logo-quardratisch.jpg"}}]}},"_links":{"self":[{"href":"https:\/\/tapas.ch\/wordpress\/wp-json\/wp\/v2\/pages\/14966","targetHints":{"allow":["GET"]}}],"collection":[{"href":"https:\/\/tapas.ch\/wordpress\/wp-json\/wp\/v2\/pages"}],"about":[{"href":"https:\/\/tapas.ch\/wordpress\/wp-json\/wp\/v2\/types\/page"}],"author":[{"embeddable":true,"href":"https:\/\/tapas.ch\/wordpress\/wp-json\/wp\/v2\/users\/1"}],"replies":[{"embeddable":true,"href":"https:\/\/tapas.ch\/wordpress\/wp-json\/wp\/v2\/comments?post=14966"}],"version-history":[{"count":30,"href":"https:\/\/tapas.ch\/wordpress\/wp-json\/wp\/v2\/pages\/14966\/revisions"}],"predecessor-version":[{"id":84368,"href":"https:\/\/tapas.ch\/wordpress\/wp-json\/wp\/v2\/pages\/14966\/revisions\/84368"}],"wp:attachment":[{"href":"https:\/\/tapas.ch\/wordpress\/wp-json\/wp\/v2\/media?parent=14966"}],"curies":[{"name":"wp","href":"https:\/\/api.w.org\/{rel}","templated":true}]}}